{"id":1038,"date":"2024-12-19T19:17:51","date_gmt":"2024-12-19T18:17:51","guid":{"rendered":"https:\/?page_id=1038"},"modified":"2024-12-19T21:15:30","modified_gmt":"2024-12-19T20:15:30","slug":"sobre-nosaltres","status":"publish","type":"page","link":"https:\/\/netegesguti.com\/ca\/sobre-nosaltres\/","title":{"rendered":"Sobre nosaltres"},"content":{"rendered":"<h1>Qui som?<\/h1>\n<h2><strong>Coneix la nostra traject\u00f2ria<\/strong><\/h2>\n<div>\n<p><strong>NETEGES GUTI \u00e9s una empresa de car\u00e0cter familiar, que va obrir les portes l&#8217;any 2002<\/strong>, prestant els seus serveis a Administradors de Finques per efectuar feines de neteja de p\u00e0rquings en sec de comunitats de ve\u00efns.<\/p>\n<p><strong>L&#8217;any 2003 l&#8217;empresa va adquirir el seu primer cami\u00f3 cisterna d&#8217;alta pressi\u00f3 de 2 eixos<\/strong>, per poder millorar el servei de neteja de p\u00e0rquings, fent-lo amb aigua a pressi\u00f3 per retirar tota la brut\u00edcia de manera exhaustiva. Afegim maquin\u00e0ria per a la neteja de la superf\u00edcie del terra a manera de raspall.<\/p>\n<p>A partir d&#8217;aquest moment, <strong>va ser un moment d&#8217;un creixement molt important per a l&#8217;empresa<\/strong>, perqu\u00e8 va apar\u00e8ixer una oportunitat de negoci en un sector diferent del que est\u00e0vem treballant.<\/p>\n<p><strong>Comencem executant algun servei al sector de les neteges industrials<\/strong>, concretament, desembussos de canonades, buidatge i neteja de separadors de greix de cuina per a hotels, restaurants, cases rurals, entre d&#8217;altres. Adquirim una c\u00e0mera d&#8217;inspecci\u00f3 de canonades per trobar problemes a l&#8217;interior, com ara trencaments, embussos per objectes, runa de final d&#8217;obra, etc.<\/p>\n<p><strong>Posteriorment, el 2006 es va adquirir un nou cami\u00f3 cisterna d&#8217;INOX d&#8217;alta pressi\u00f3 de 4 eixos i un furg\u00f3 amb equipament de seguretat<\/strong>, per comen\u00e7ar novament a un altre sector diferent.<\/p>\n<p>Aquesta vegada seria al sector d&#8217;hidrocarburs.<\/p>\n<p><strong>Comencem a treballar per a empreses instal\u00b7ladores d&#8217;estacions de servei i la nostra tasca consistia a buidar i netejar dip\u00f2sits de gasoil o de benzina, separadors d&#8217;hidrocarburs i reixes dels t\u00fanels de rentat<\/strong>. A banda, totes les reixes del cercle de seguretat on s&#8217;ubicaven els sortidors de combustible.<\/p>\n<p>Actualment, donem solucions als nostres clients amb les nostres subcontractes m\u00e9s eficients i les nostres plantes gestores de residus per continuar donant servei.<\/p>\n<\/div>\n<p><img decoding=\"async\" src=\"\/gutiwp\/wp-content\/uploads\/2024\/11\/logo-neteges-guti-footer.webp\" alt=\"\"><\/p>\n<h1><strong>Necessites els nostres serveis?<\/strong><\/h1>\n<div>\n<p><strong>NETEGES GUTI<\/strong> est\u00e0 especialitzada, avui dia, en tot tipus de desembussos de canonades, localitzaci\u00f3 i inspecci\u00f3 de canonades, transport i tractament de residus org\u00e0nics, separadors de greix i fosses s\u00e8ptiques.<\/p>\n<\/div>\n<ul>\n<li>\n        <a href=\"\/gutiwp\/ca\/contacte\/\">Contactar<\/a>\n    <\/li>\n<li>\n        <a href=\"tel:+34608672600\">Trucar<\/a>\n    <\/li>\n<\/ul>\n<p><!--more--><br \/>\n<!-- {\"type\":\"layout\",\"children\":[{\"type\":\"section\",\"props\":{\"height_offset_top\":true,\"height_viewport\":80,\"image_position\":\"center-center\",\"image_size\":\"cover\",\"media_overlay\":\"rgba(0, 0, 0, 0.42)\",\"padding\":\"small\",\"style\":\"default\",\"text_color\":\"light\",\"title_breakpoint\":\"xl\",\"title_position\":\"top-left\",\"title_rotation\":\"left\",\"vertical_align\":\"middle\",\"width\":\"default\"},\"children\":[{\"type\":\"row\",\"children\":[{\"type\":\"column\",\"props\":{\"image_position\":\"center-center\",\"position_sticky_breakpoint\":\"m\"},\"children\":[{\"type\":\"headline\",\"props\":{\"content\":\"Qui som?\",\"text_align\":\"center\",\"title_element\":\"h1\",\"title_style\":\"h2\"}}]}]}],\"name\":\"Portada\"},{\"type\":\"section\",\"props\":{\"image_position\":\"center-center\",\"padding\":\"small\",\"padding_remove_bottom\":false,\"padding_remove_top\":false,\"style\":\"primary\",\"title_breakpoint\":\"xl\",\"title_position\":\"top-left\",\"title_rotation\":\"left\",\"vertical_align\":\"\",\"width\":\"\"},\"children\":[{\"type\":\"row\",\"children\":[{\"type\":\"column\",\"props\":{\"image_position\":\"center-center\",\"position_sticky_breakpoint\":\"m\"},\"children\":[{\"type\":\"headline\",\"props\":{\"content\":\"<strong>Coneix la nostra traject\\u00f2ria<\\\/strong>\",\"margin_remove_top\":true,\"text_align\":\"center\",\"title_color\":\"emphasis\",\"title_element\":\"h2\",\"title_style\":\"h3\"}}]}]}],\"name\":\"Introducci\\u00f3\"},{\"type\":\"section\",\"props\":{\"image_position\":\"center-center\",\"padding\":\"small\",\"padding_remove_top\":false,\"style\":\"default\",\"title_breakpoint\":\"xl\",\"title_position\":\"top-left\",\"title_rotation\":\"left\",\"vertical_align\":\"\",\"width\":\"default\"},\"children\":[{\"type\":\"row\",\"children\":[{\"type\":\"column\",\"props\":{\"image_position\":\"center-center\",\"position_sticky_breakpoint\":\"m\"},\"children\":[{\"type\":\"text\",\"props\":{\"block_align\":\"center\",\"column_breakpoint\":\"m\",\"content\":\"\n\n<p><strong>NETEGES GUTI \\u00e9s una empresa de car\\u00e0cter familiar, que va obrir les portes l'any 2002<\\\/strong>, prestant els seus serveis a Administradors de Finques per efectuar feines de neteja de p\\u00e0rquings en sec de comunitats de ve\\u00efns.<\\\/p>\\n\n\n<p><strong>L'any 2003 l'empresa va adquirir el seu primer cami\\u00f3 cisterna d'alta pressi\\u00f3 de 2 eixos<\\\/strong>, per poder millorar el servei de neteja de p\\u00e0rquings, fent-lo amb aigua a pressi\\u00f3 per retirar tota la brut\\u00edcia de manera exhaustiva. Afegim maquin\\u00e0ria per a la neteja de la superf\\u00edcie del terra a manera de raspall.<\\\/p>\\n\n\n<p>A partir d'aquest moment, <strong>va ser un moment d'un creixement molt important per a l'empresa<\\\/strong>, perqu\\u00e8 va apar\\u00e8ixer una oportunitat de negoci en un sector diferent del que est\\u00e0vem treballant.<\\\/p>\\n\n\n<p><strong>Comencem executant algun servei al sector de les neteges industrials<\\\/strong>, concretament, desembussos de canonades, buidatge i neteja de separadors de greix de cuina per a hotels, restaurants, cases rurals, entre d'altres. Adquirim una c\\u00e0mera d'inspecci\\u00f3 de canonades per trobar problemes a l'interior, com ara trencaments, embussos per objectes, runa de final d'obra, etc.<\\\/p>\\n\n\n<p><strong>Posteriorment, el 2006 es va adquirir un nou cami\\u00f3 cisterna d'INOX d'alta pressi\\u00f3 de 4 eixos i un furg\\u00f3 amb equipament de seguretat<\\\/strong>, per comen\\u00e7ar novament a un altre sector diferent.<\\\/p>\\n\n\n<p>Aquesta vegada seria al sector d'hidrocarburs.<\\\/p>\\n\n\n<p><strong>Comencem a treballar per a empreses instal\\u00b7ladores d'estacions de servei i la nostra tasca consistia a buidar i netejar dip\\u00f2sits de gasoil o de benzina, separadors d'hidrocarburs i reixes dels t\\u00fanels de rentat<\\\/strong>. A banda, totes les reixes del cercle de seguretat on s'ubicaven els sortidors de combustible.<\\\/p>\\n\n\n<p>Actualment, donem solucions als nostres clients amb les nostres subcontractes m\\u00e9s eficients i les nostres plantes gestores de residus per continuar donant servei.<\\\/p>\",\"margin\":\"default\",\"maxwidth\":\"2xlarge\",\"text_align\":\"center\",\"text_color\":\"primary\"}}]}]}],\"name\":\"Contingut\"},{\"name\":\"Acci\\u00f3\",\"type\":\"section\",\"props\":{\"animation\":\"fade\",\"image_position\":\"center-center\",\"padding\":\"small\",\"style\":\"primary\",\"title_breakpoint\":\"xl\",\"title_position\":\"top-left\",\"title_rotation\":\"left\",\"vertical_align\":\"\",\"width\":\"large\"},\"children\":[{\"type\":\"row\",\"children\":[{\"type\":\"column\",\"props\":{\"image_position\":\"center-center\",\"position_sticky_breakpoint\":\"m\",\"width_medium\":\"1-1\"},\"children\":[{\"type\":\"image\",\"props\":{\"image\":\"wp-content\\\/uploads\\\/2024\\\/11\\\/logo-neteges-guti-footer.webp\",\"image_svg_color\":\"emphasis\",\"margin\":\"default\",\"text_align\":\"center\"}},{\"type\":\"headline\",\"props\":{\"content\":\"<strong>Necessites els nostres serveis?<\\\/strong>\",\"text_align\":\"center\",\"title_color\":\"emphasis\",\"title_element\":\"h1\",\"title_style\":\"h3\"}},{\"type\":\"text\",\"props\":{\"block_align\":\"center\",\"column_breakpoint\":\"m\",\"content\":\"\n\n<p><strong>NETEGES GUTI<\\\/strong> est\\u00e0 especialitzada, avui dia, en tot tipus de desembussos de canonades, localitzaci\\u00f3 i inspecci\\u00f3 de canonades, transport i tractament de residus org\\u00e0nics, separadors de greix i fosses s\\u00e8ptiques.<\\\/p>\",\"margin\":\"default\",\"maxwidth\":\"2xlarge\",\"text_align\":\"center\",\"text_color\":\"emphasis\",\"text_style\":\"large\"}},{\"name\":\"Button Style Secondary\",\"type\":\"button\",\"children\":[{\"type\":\"button_item\",\"props\":{\"button_style\":\"primary\",\"content\":\"Contactar\",\"icon\":\"mail\",\"icon_align\":\"left\",\"link\":\"ca\\\/contacte\\\/\",\"link_title\":\"Contactar\"}},{\"type\":\"button_item\",\"props\":{\"button_style\":\"primary\",\"content\":\"Trucar\",\"icon\":\"receiver\",\"icon_align\":\"left\",\"link\":\"tel:+34608672600\",\"link_target\":\"blank\",\"link_title\":\"Trucar\"}}],\"props\":{\"grid_column_gap\":\"small\",\"grid_row_gap\":\"small\",\"margin\":\"default\",\"margin_remove_top\":false,\"text_align\":\"center\"}}]}],\"props\":{\"margin_remove_bottom\":true,\"width\":\"xlarge\"}}]}],\"version\":\"4.4.17\"} --><\/p>\n","protected":false},"excerpt":{"rendered":"<p>Qui som? Coneix la nostra traject\u00f2ria NETEGES GUTI \u00e9s una empresa de car\u00e0cter familiar, que va obrir les portes l&#8217;any 2002, prestant els seus serveis a Administradors de Finques per efectuar feines de neteja de p\u00e0rquings en sec de comunitats de ve\u00efns. L&#8217;any 2003 l&#8217;empresa va adquirir el seu primer cami\u00f3 cisterna d&#8217;alta pressi\u00f3 de [&hellip;]<\/p>\n","protected":false},"author":1,"featured_media":0,"parent":0,"menu_order":0,"comment_status":"closed","ping_status":"closed","template":"","meta":{"footnotes":""},"class_list":["post-1038","page","type-page","status-publish","hentry"],"_links":{"self":[{"href":"https:\/\/netegesguti.com\/ca\/wp-json\/wp\/v2\/pages\/1038","targetHints":{"allow":["GET"]}}],"collection":[{"href":"https:\/\/netegesguti.com\/ca\/wp-json\/wp\/v2\/pages"}],"about":[{"href":"https:\/\/netegesguti.com\/ca\/wp-json\/wp\/v2\/types\/page"}],"author":[{"embeddable":true,"href":"https:\/\/netegesguti.com\/ca\/wp-json\/wp\/v2\/users\/1"}],"replies":[{"embeddable":true,"href":"https:\/\/netegesguti.com\/ca\/wp-json\/wp\/v2\/comments?post=1038"}],"version-history":[{"count":0,"href":"https:\/\/netegesguti.com\/ca\/wp-json\/wp\/v2\/pages\/1038\/revisions"}],"wp:attachment":[{"href":"https:\/\/netegesguti.com\/ca\/wp-json\/wp\/v2\/media?parent=1038"}],"curies":[{"name":"wp","href":"https:\/\/api.w.org\/{rel}","templated":true}]}}