{"id":1133,"date":"2024-12-20T19:11:40","date_gmt":"2024-12-20T18:11:40","guid":{"rendered":"https:\/?page_id=1133"},"modified":"2024-12-20T20:41:36","modified_gmt":"2024-12-20T19:41:36","slug":"inici","status":"publish","type":"page","link":"https:\/\/netegesguti.com\/ca\/","title":{"rendered":"Inici"},"content":{"rendered":"<h1>El millor servei<\/h1>\n<h2>Benvingut a<br class=\"uk-visible@s\" \/>Neteges Guti<\/h2>\n<h1>El millor servei<\/h1>\n<h2>Benvingut a<br \/>Neteges Guti<\/h2>\n<div>\n<p>Som una empresa de transport de residus amb cami\u00f3 cisterna, desembussos i inspecci\u00f3 de canonades, neteja i buidatge de separadors de greix i fosses s\u00e8ptiques.<\/p>\n<p><strong>Per la nostra pres\u00e8ncia i traject\u00f2ria al sector des de l&#8217;any 2002<\/strong>, tenim la capacitat de presentar solucions als nostres clients per a la realitzaci\u00f3 d&#8217;aquests serveis a trav\u00e9s dels nostres subcontractes professionals m\u00e9s eficients.<\/p>\n<\/div>\n<p>\n    <a href=\"\/ca\/sobre-nosaltres\/\">Sobre nosaltres<\/a>\n<\/p>\n<h1>Els nostres serveis<\/h1>\n<ul>\n<li>\n<p><img decoding=\"async\" src=\"\/wp-content\/uploads\/2024\/11\/residuos-organicos.webp\" alt=\"Depuradora biol\u00f2gica\"><\/p>\n<h1>Residus org\u00e0nics<\/h1>\n<p><a href=\"\/ca\/residus-organics\/\"><\/a><\/p>\n<\/li>\n<li>\n<p><img decoding=\"async\" src=\"\/wp-content\/uploads\/2024\/11\/desatascos-tuberias-24-horas.webp\" alt=\"Desembussos 24 hrs\"><\/p>\n<h1>Desembussos 24 hrs<\/h1>\n<p><a href=\"\/ca\/desembussos-24-h\/\"><\/a><\/p>\n<\/li>\n<li>\n<p><img decoding=\"async\" src=\"\/wp-content\/uploads\/2024\/11\/separadores-de-grasa-cocinas.webp\" alt=\"Cuina de restaurant\"><\/p>\n<h1>Separadors cuina<\/h1>\n<p><a href=\"\/ca\/separador-greixos-de-cuina\/\"><\/a><\/p>\n<\/li>\n<li>\n<p><img decoding=\"async\" src=\"\/wp-content\/uploads\/2024\/11\/fosas-septicas.webp\" alt=\"Fosses s\u00e8ptiques\"><\/p>\n<h1>Fosses s\u00e8ptiques<\/h1>\n<p><a href=\"\/ca\/fosses-septiques\/\"><\/a><\/p>\n<\/li>\n<\/ul>\n<p><img decoding=\"async\" src=\"\/wp-content\/uploads\/2024\/11\/codigos-autorizados.webp\" alt=\"Autorizados\"><\/p>\n<h1><strong>Codis autoritzats<\/strong> per l&#8217;Ag\u00e8ncia de Residus de Catalunya<\/h1>\n<h3>Sistema documental sdr<\/h3>\n<hr>\n<div>\n<p><strong>Codi de Transportista:<\/strong> T-2052<\/p>\n<p><strong>Codi NIMA:<\/strong> 0800532602<\/p>\n<p><strong>Codi de Negociant:<\/strong> N-10167<\/p>\n<p><strong>Codi d&#8217;Agent:<\/strong> A-10335<\/p>\n<p><strong>Codi SANDACH:<\/strong> S08278089<\/p>\n<\/div>\n<div>\n<div>Grup 2<\/div>\n<p>Altres residus s\u00f2lids no inclosos en altres grups<\/p>\n<\/div>\n<hr>\n<div>\n<div>Grup 3<\/div>\n<p>Residus s\u00f2lids i pastosos fermentables i llots de depuradora<\/p>\n<\/div>\n<hr>\n<div>\n<div>Grup 4<\/div>\n<p>Residus s\u00f2lids, granulats o terres<\/p>\n<\/div>\n<hr>\n<div>\n<div>Grup 8<\/div>\n<p>Residus l\u00edquids no corrosius i no inflamables<\/p>\n<\/div>\n<hr>\n<div>\n<div>Grup 11<\/div>\n<p>Residus carnis<\/p>\n<\/div>\n<hr>\n<div>\n<div>Grup 12<\/div>\n<p>Sang<\/p>\n<\/div>\n<hr>\n<div>\n<div>Grup 13<\/div>\n<p>Residus fecals<\/p>\n<\/div>\n<hr>\n<div>\n<div>Grup 19<\/div>\n<p>Olis vegetals<\/p>\n<\/div>\n<hr>\n<p><!--more--><br \/>\n<!-- {\"type\":\"layout\",\"children\":[{\"name\":\"Portada\",\"type\":\"section\",\"props\":{\"animation\":\"slide-bottom-small\",\"header_overlay\":\"light\",\"height\":\"viewport\",\"height_offset_top\":true,\"height_viewport\":true,\"image\":\"wp-content\\\/uploads\\\/2024\\\/11\\\/transporte-camion-cisterna.webp\",\"image_loading\":true,\"image_position\":\"center-center\",\"image_size\":\"cover\",\"media\":\"images\\\/home-header.jpg\",\"media_advanced\":true,\"media_background\":\"#fff\",\"media_overlay\":\"rgba(0, 0, 0, 0.2)\",\"style\":\"default\",\"text_color\":\"light\",\"title_breakpoint\":\"xl\",\"title_position\":\"top-left\",\"title_rotation\":\"left\",\"vertical_align\":\"\",\"width\":\"default\"},\"children\":[{\"type\":\"row\",\"children\":[{\"type\":\"column\",\"props\":{\"image_position\":\"center-center\",\"position_sticky_breakpoint\":\"m\"}}]}]},{\"name\":\"Benvingut a Neteges Guti\",\"type\":\"section\",\"props\":{\"animation\":\"fade\",\"animation_delay\":false,\"image_position\":\"bottom-right\",\"padding\":\"large\",\"style\":\"default\",\"title_breakpoint\":\"xl\",\"title_position\":\"top-left\",\"title_rotation\":\"left\",\"vertical_align\":\"\",\"width\":\"default\"},\"children\":[{\"type\":\"row\",\"props\":{\"column_gap\":\"large\",\"layout\":\"1-2,1-2\",\"row_gap\":\"large\"},\"children\":[{\"type\":\"column\",\"props\":{\"image_position\":\"center-center\",\"position_sticky_breakpoint\":\"m\",\"vertical_align\":\"middle\",\"width_medium\":\"1-2\"},\"children\":[{\"type\":\"headline\",\"props\":{\"content\":\"El millor servei\",\"margin\":\"small\",\"title_element\":\"h1\",\"title_style\":\"h3\",\"visibility\":\"l\"}},{\"type\":\"headline\",\"props\":{\"content\":\"Benvingut a<br class=\\\"uk-visible@s\\\" \\\/>Neteges Guti\",\"margin\":\"small\",\"maxwidth\":\"xlarge\",\"title_color\":\"secondary\",\"title_element\":\"h2\",\"title_style\":\"heading-small\",\"visibility\":\"l\"}},{\"type\":\"headline\",\"props\":{\"content\":\"El millor servei\",\"margin\":\"small\",\"title_element\":\"h1\",\"title_style\":\"h2\",\"visibility\":\"hidden-l\"}},{\"type\":\"headline\",\"props\":{\"content\":\"Benvingut a<br \\\/>Neteges Guti\",\"margin\":\"small\",\"maxwidth\":\"xlarge\",\"title_color\":\"secondary\",\"title_element\":\"h2\",\"title_style\":\"heading-small\",\"visibility\":\"hidden-l\"}}]},{\"type\":\"column\",\"props\":{\"image_position\":\"center-center\",\"position_sticky_breakpoint\":\"m\",\"vertical_align\":\"middle\",\"width_medium\":\"1-2\"},\"children\":[{\"type\":\"text\",\"props\":{\"column_breakpoint\":\"m\",\"content\":\"\n\n<p>Som una empresa de transport de residus amb cami\\u00f3 cisterna, desembussos i inspecci\\u00f3 de canonades, neteja i buidatge de separadors de greix i fosses s\\u00e8ptiques.<\\\/p>\\n\n\n<p><strong>Per la nostra pres\\u00e8ncia i traject\\u00f2ria al sector des de l'any 2002<\\\/strong>, tenim la capacitat de presentar solucions als nostres clients per a la realitzaci\\u00f3 d'aquests serveis a trav\\u00e9s dels nostres subcontractes professionals m\\u00e9s eficients.<\\\/p>\",\"margin\":\"medium\",\"text_style\":\"lead\"}},{\"name\":\"Button Style Secondary\",\"type\":\"button\",\"children\":[{\"type\":\"button_item\",\"props\":{\"button_style\":\"secondary\",\"content\":\"Sobre nosaltres\",\"icon\":\"users\",\"icon_align\":\"left\",\"link\":\"ca\\\/sobre-nosaltres\\\/\",\"link_title\":\"Sobre nosaltres\"}}],\"props\":{\"grid_column_gap\":\"small\",\"grid_row_gap\":\"small\",\"margin\":\"default\",\"margin_remove_top\":false}}]}]}]},{\"name\":\"Imatge efectes carretera\",\"type\":\"section\",\"props\":{\"height\":\"viewport\",\"height_viewport\":50,\"image\":\"wp-content\\\/uploads\\\/2024\\\/12\\\/transporte-residuos-por-carretera.webp\",\"image_effect\":\"fixed\",\"image_fixed\":true,\"image_position\":\"center-center\",\"image_size\":\"cover\",\"image_width\":\"1920\",\"style\":\"default\",\"title_breakpoint\":\"xl\",\"title_position\":\"top-left\",\"title_rotation\":\"left\",\"vertical_align\":\"middle\",\"width\":\"default\"},\"children\":[{\"type\":\"row\",\"children\":[{\"type\":\"column\",\"props\":{\"image_position\":\"center-center\",\"position_sticky_breakpoint\":\"m\",\"width_medium\":\"1-1\"}}]}]},{\"type\":\"section\",\"props\":{\"animation\":\"scale-up\",\"image_position\":\"center-center\",\"padding_remove_bottom\":true,\"padding_remove_top\":false,\"style\":\"default\",\"title_breakpoint\":\"xl\",\"title_position\":\"top-left\",\"title_rotation\":\"left\",\"vertical_align\":\"\",\"width\":\"xlarge\"},\"children\":[{\"type\":\"row\",\"props\":{\"margin\":\"xlarge\",\"margin_remove_top\":true,\"width\":\"xlarge\"},\"children\":[{\"type\":\"column\",\"props\":{\"image_position\":\"center-center\",\"position_sticky_breakpoint\":\"m\"},\"children\":[{\"type\":\"headline\",\"props\":{\"content\":\"Els nostres serveis\",\"text_align\":\"center\",\"title_element\":\"h1\",\"title_style\":\"h2\"}},{\"type\":\"grid\",\"props\":{\"content_column_breakpoint\":\"m\",\"filter_align\":\"left\",\"filter_all\":true,\"filter_grid_breakpoint\":\"m\",\"filter_grid_width\":\"auto\",\"filter_position\":\"top\",\"filter_style\":\"tab\",\"grid_default\":\"1\",\"grid_large\":\"4\",\"grid_medium\":\"4\",\"grid_parallax\":\"0\",\"grid_row_align\":false,\"grid_row_gap\":\"medium\",\"grid_small\":\"2\",\"icon_width\":80,\"image_align\":\"top\",\"image_border\":\"rounded\",\"image_box_shadow\":\"small\",\"image_grid_breakpoint\":\"m\",\"image_grid_width\":\"1-2\",\"image_height\":\"610\",\"image_link\":true,\"image_margin\":\"medium\",\"image_svg_color\":\"emphasis\",\"image_transition\":\"scale-up\",\"image_transition_border\":false,\"image_width\":\"610\",\"item_animation\":true,\"lightbox\":false,\"link_margin\":\"medium\",\"link_style\":\"default\",\"link_text\":\"\",\"margin\":\"default\",\"meta_align\":\"below-content\",\"meta_color\":\"secondary\",\"meta_element\":\"div\",\"meta_margin\":\"small\",\"meta_style\":\"text-lead\",\"panel_image_no_padding\":true,\"panel_link\":true,\"panel_padding\":\"default\",\"parallax_easing\":\"1\",\"show_content\":true,\"show_image\":true,\"show_link\":true,\"show_meta\":true,\"show_title\":true,\"text_align\":\"center\",\"title_align\":\"top\",\"title_element\":\"h1\",\"title_grid_breakpoint\":\"m\",\"title_grid_width\":\"1-2\",\"title_hover_style\":\"heading\",\"title_link\":true,\"title_margin\":\"medium\",\"title_style\":\"h4\"},\"children\":[{\"type\":\"grid_item\",\"props\":{\"image\":\"wp-content\\\/uploads\\\/2024\\\/11\\\/residuos-organicos.webp\",\"image_alt\":\"Depuradora biol\\u00f2gica\",\"item_element\":\"article\",\"link\":\"ca\\\/residus-organics\\\/\",\"meta\":\"\",\"title\":\"Residus org\\u00e0nics\"}},{\"type\":\"grid_item\",\"props\":{\"image\":\"wp-content\\\/uploads\\\/2024\\\/11\\\/desatascos-tuberias-24-horas.webp\",\"image_alt\":\"Desembussos 24 hrs\",\"item_element\":\"article\",\"link\":\"ca\\\/desembussos-24-h\\\/\",\"meta\":\"\",\"title\":\"Desembussos 24 hrs\"}},{\"type\":\"grid_item\",\"props\":{\"content\":\"\",\"image\":\"wp-content\\\/uploads\\\/2024\\\/11\\\/separadores-de-grasa-cocinas.webp\",\"image_alt\":\"Cuina de restaurant\",\"item_element\":\"article\",\"link\":\"ca\\\/separador-greixos-de-cuina\\\/\",\"meta\":\"\",\"title\":\"Separadors cuina\"}},{\"type\":\"grid_item\",\"props\":{\"image\":\"wp-content\\\/uploads\\\/2024\\\/11\\\/fosas-septicas.webp\",\"image_alt\":\"Fosses s\\u00e8ptiques\",\"item_element\":\"article\",\"link\":\"ca\\\/fosses-septiques\\\/\",\"meta\":\"\",\"title\":\"Fosses s\\u00e8ptiques\"}}]}]}]}],\"name\":\"Els nostres serveis\"},{\"type\":\"section\",\"props\":{\"image_position\":\"center-center\",\"padding_remove_top\":false,\"style\":\"muted\",\"title_breakpoint\":\"xl\",\"title_position\":\"top-left\",\"title_rotation\":\"left\",\"vertical_align\":\"\",\"width\":\"default\"},\"children\":[{\"type\":\"row\",\"props\":{\"column_gap\":\"large\",\"layout\":\"1-2,1-2\"},\"children\":[{\"type\":\"column\",\"props\":{\"image_position\":\"center-center\",\"position_sticky_breakpoint\":\"m\",\"vertical_align\":\"middle\",\"width_medium\":\"1-2\"},\"children\":[{\"type\":\"image\",\"props\":{\"image\":\"wp-content\\\/uploads\\\/2024\\\/11\\\/codigos-autorizados.webp\",\"image_alt\":\"Autorizados\",\"image_box_decoration\":\"mask\",\"image_height\":\"400\",\"image_svg_color\":\"emphasis\",\"margin\":\"default\",\"text_align\":\"center\"}}]},{\"type\":\"column\",\"props\":{\"image_position\":\"center-center\",\"position_sticky_breakpoint\":\"m\",\"vertical_align\":\"middle\",\"width_medium\":\"1-2\"},\"children\":[{\"type\":\"headline\",\"props\":{\"content\":\"<strong>Codis autoritzats<\\\/strong> per l'Ag\\u00e8ncia de Residus de Catalunya\",\"text_align\":\"center\",\"title_element\":\"h1\",\"title_style\":\"h3\"}},{\"type\":\"headline\",\"props\":{\"content\":\"Sistema documental sdr\",\"text_align\":\"center\",\"title_element\":\"h3\",\"title_style\":\"h4\"}},{\"type\":\"divider\",\"props\":{\"divider_align\":\"center\",\"divider_element\":\"hr\",\"divider_style\":\"small\"}},{\"type\":\"text\",\"props\":{\"column_breakpoint\":\"m\",\"content\":\"\n\n<p><strong>Codi de Transportista:<\\\/strong> T-2052<\\\/p>\\n\n\n<p><strong>Codi NIMA:<\\\/strong> 0800532602<\\\/p>\\n\n\n<p><strong>Codi de Negociant:<\\\/strong> N-10167<\\\/p>\\n\n\n<p><strong>Codi d'Agent:<\\\/strong> A-10335<\\\/p>\\n\n\n<p><strong>Codi SANDACH:<\\\/strong> S08278089<\\\/p>\",\"margin\":\"default\",\"text_align\":\"center\",\"text_color\":\"primary\"}}]}]}],\"name\":\"Sistema documental SDR\"},{\"type\":\"section\",\"props\":{\"image_position\":\"center-center\",\"padding\":\"small\",\"padding_remove_top\":false,\"style\":\"muted\",\"title_breakpoint\":\"xl\",\"title_position\":\"top-left\",\"title_rotation\":\"left\",\"vertical_align\":\"\",\"width\":\"large\"},\"children\":[{\"type\":\"row\",\"props\":{\"divider\":false,\"layout\":\"1-2,1-2\",\"margin\":\"large\",\"margin_remove_bottom\":true},\"children\":[{\"type\":\"column\",\"props\":{\"image_position\":\"center-center\",\"position_sticky_breakpoint\":\"m\",\"width_medium\":\"1-2\"},\"children\":[{\"type\":\"panel\",\"props\":{\"content_column_breakpoint\":\"m\",\"icon\":\"\",\"icon_width\":80,\"image\":\"\",\"image_align\":\"top\",\"image_grid_breakpoint\":\"m\",\"image_grid_width\":\"1-2\",\"image_svg_color\":\"emphasis\",\"image_width\":\"50\",\"link_style\":\"default\",\"link_text\":\"Read more\",\"margin\":\"default\",\"meta\":\"Altres residus s\\u00f2lids no inclosos en altres grups\",\"meta_align\":\"below-title\",\"meta_color\":\"primary\",\"meta_element\":\"div\",\"meta_margin\":\"remove\",\"meta_style\":\"text-meta\",\"title\":\"Grup 2\",\"title_align\":\"top\",\"title_element\":\"div\",\"title_grid_breakpoint\":\"m\",\"title_grid_width\":\"1-2\",\"title_hover_style\":\"reset\",\"title_style\":\"h3\"}},{\"type\":\"divider\",\"props\":{\"divider_element\":\"hr\"}},{\"type\":\"panel\",\"props\":{\"content_column_breakpoint\":\"m\",\"icon_width\":80,\"image_align\":\"top\",\"image_grid_breakpoint\":\"m\",\"image_grid_width\":\"1-2\",\"image_svg_color\":\"emphasis\",\"link_style\":\"default\",\"link_text\":\"Read more\",\"margin\":\"default\",\"meta\":\"Residus s\\u00f2lids i pastosos fermentables i llots de depuradora\",\"meta_align\":\"below-title\",\"meta_color\":\"primary\",\"meta_element\":\"div\",\"meta_margin\":\"remove\",\"meta_style\":\"text-small\",\"title\":\"Grup 3\",\"title_align\":\"top\",\"title_element\":\"div\",\"title_grid_breakpoint\":\"m\",\"title_grid_width\":\"1-2\",\"title_hover_style\":\"reset\",\"title_style\":\"h3\"}},{\"type\":\"divider\",\"props\":{\"divider_element\":\"hr\"}},{\"type\":\"panel\",\"props\":{\"content_column_breakpoint\":\"m\",\"icon_width\":80,\"image_align\":\"top\",\"image_grid_breakpoint\":\"m\",\"image_grid_width\":\"1-2\",\"image_svg_color\":\"emphasis\",\"link_style\":\"default\",\"link_text\":\"Read more\",\"margin\":\"default\",\"meta\":\"Residus s\\u00f2lids, granulats o terres\",\"meta_align\":\"below-title\",\"meta_color\":\"primary\",\"meta_element\":\"div\",\"meta_margin\":\"remove\",\"meta_style\":\"text-meta\",\"title\":\"Grup 4\",\"title_align\":\"top\",\"title_element\":\"div\",\"title_grid_breakpoint\":\"m\",\"title_grid_width\":\"1-2\",\"title_hover_style\":\"reset\",\"title_style\":\"h3\"}},{\"type\":\"divider\",\"props\":{\"divider_element\":\"hr\"}},{\"type\":\"panel\",\"props\":{\"content_column_breakpoint\":\"m\",\"icon_width\":80,\"image_align\":\"top\",\"image_grid_breakpoint\":\"m\",\"image_grid_width\":\"1-2\",\"image_svg_color\":\"emphasis\",\"link_style\":\"default\",\"link_text\":\"Read more\",\"margin\":\"default\",\"meta\":\"Residus l\\u00edquids no corrosius i no inflamables\",\"meta_align\":\"below-title\",\"meta_color\":\"primary\",\"meta_element\":\"div\",\"meta_margin\":\"remove\",\"meta_style\":\"text-meta\",\"title\":\"Grup 8\",\"title_align\":\"top\",\"title_element\":\"div\",\"title_grid_breakpoint\":\"m\",\"title_grid_width\":\"1-2\",\"title_hover_style\":\"reset\",\"title_style\":\"h3\"}},{\"type\":\"divider\",\"props\":{\"divider_element\":\"hr\"}}]},{\"type\":\"column\",\"props\":{\"image_position\":\"center-center\",\"position_sticky_breakpoint\":\"m\",\"width_medium\":\"1-2\"},\"children\":[{\"type\":\"panel\",\"props\":{\"content_column_breakpoint\":\"m\",\"icon_width\":80,\"image_align\":\"top\",\"image_grid_breakpoint\":\"m\",\"image_grid_width\":\"1-2\",\"image_svg_color\":\"emphasis\",\"link_style\":\"default\",\"link_text\":\"Read more\",\"margin\":\"large\",\"margin_remove_bottom\":true,\"margin_remove_top\":true,\"meta\":\"Residus carnis\",\"meta_align\":\"below-title\",\"meta_color\":\"primary\",\"meta_element\":\"div\",\"meta_margin\":\"remove\",\"meta_style\":\"text-meta\",\"title\":\"Grup 11\",\"title_align\":\"top\",\"title_element\":\"div\",\"title_grid_breakpoint\":\"m\",\"title_grid_width\":\"1-2\",\"title_hover_style\":\"reset\",\"title_style\":\"h3\"}},{\"type\":\"divider\",\"props\":{\"divider_element\":\"hr\"}},{\"type\":\"panel\",\"props\":{\"content_column_breakpoint\":\"m\",\"icon_width\":80,\"image_align\":\"top\",\"image_grid_breakpoint\":\"m\",\"image_grid_width\":\"1-2\",\"image_svg_color\":\"emphasis\",\"link_style\":\"default\",\"link_text\":\"Read more\",\"margin\":\"default\",\"meta\":\"Sang\",\"meta_align\":\"below-title\",\"meta_color\":\"primary\",\"meta_element\":\"div\",\"meta_margin\":\"remove\",\"meta_style\":\"text-meta\",\"title\":\"Grup 12\",\"title_align\":\"top\",\"title_element\":\"div\",\"title_grid_breakpoint\":\"m\",\"title_grid_width\":\"1-2\",\"title_hover_style\":\"reset\",\"title_style\":\"h3\"}},{\"type\":\"divider\",\"props\":{\"divider_element\":\"hr\"}},{\"type\":\"panel\",\"props\":{\"content_column_breakpoint\":\"m\",\"icon_width\":80,\"image_align\":\"top\",\"image_grid_breakpoint\":\"m\",\"image_grid_width\":\"1-2\",\"image_svg_color\":\"emphasis\",\"link_style\":\"default\",\"link_text\":\"Read more\",\"margin\":\"large\",\"margin_remove_bottom\":true,\"margin_remove_top\":true,\"meta\":\"Residus fecals\",\"meta_align\":\"below-title\",\"meta_color\":\"primary\",\"meta_element\":\"div\",\"meta_margin\":\"remove\",\"meta_style\":\"text-meta\",\"title\":\"Grup 13\",\"title_align\":\"top\",\"title_element\":\"div\",\"title_grid_breakpoint\":\"m\",\"title_grid_width\":\"1-2\",\"title_hover_style\":\"reset\",\"title_style\":\"h3\"}},{\"type\":\"divider\",\"props\":{\"divider_element\":\"hr\"}},{\"type\":\"panel\",\"props\":{\"content_column_breakpoint\":\"m\",\"icon_width\":80,\"image_align\":\"top\",\"image_grid_breakpoint\":\"m\",\"image_grid_width\":\"1-2\",\"image_svg_color\":\"emphasis\",\"link_style\":\"default\",\"link_text\":\"Read more\",\"margin\":\"default\",\"meta\":\"Olis vegetals\",\"meta_align\":\"below-title\",\"meta_color\":\"primary\",\"meta_element\":\"div\",\"meta_margin\":\"remove\",\"meta_style\":\"text-meta\",\"title\":\"Grup 19\",\"title_align\":\"top\",\"title_element\":\"div\",\"title_grid_breakpoint\":\"m\",\"title_grid_width\":\"1-2\",\"title_hover_style\":\"reset\",\"title_style\":\"h3\"}},{\"type\":\"divider\",\"props\":{\"divider_element\":\"hr\"}}]}]}],\"name\":\"Grups de residus\"}],\"version\":\"4.4.17\"} --><\/p>\n","protected":false},"excerpt":{"rendered":"<p>El millor servei Benvingut aNeteges Guti El millor servei Benvingut aNeteges Guti Som una empresa de transport de residus amb cami\u00f3 cisterna, desembussos i inspecci\u00f3 de canonades, neteja i buidatge de separadors de greix i fosses s\u00e8ptiques. Per la nostra pres\u00e8ncia i traject\u00f2ria al sector des de l&#8217;any 2002, tenim la capacitat de presentar solucions [&hellip;]<\/p>\n","protected":false},"author":1,"featured_media":0,"parent":0,"menu_order":0,"comment_status":"closed","ping_status":"closed","template":"","meta":{"footnotes":""},"class_list":["post-1133","page","type-page","status-publish","hentry"],"_links":{"self":[{"href":"https:\/\/netegesguti.com\/ca\/wp-json\/wp\/v2\/pages\/1133","targetHints":{"allow":["GET"]}}],"collection":[{"href":"https:\/\/netegesguti.com\/ca\/wp-json\/wp\/v2\/pages"}],"about":[{"href":"https:\/\/netegesguti.com\/ca\/wp-json\/wp\/v2\/types\/page"}],"author":[{"embeddable":true,"href":"https:\/\/netegesguti.com\/ca\/wp-json\/wp\/v2\/users\/1"}],"replies":[{"embeddable":true,"href":"https:\/\/netegesguti.com\/ca\/wp-json\/wp\/v2\/comments?post=1133"}],"version-history":[{"count":0,"href":"https:\/\/netegesguti.com\/ca\/wp-json\/wp\/v2\/pages\/1133\/revisions"}],"wp:attachment":[{"href":"https:\/\/netegesguti.com\/ca\/wp-json\/wp\/v2\/media?parent=1133"}],"curies":[{"name":"wp","href":"https:\/\/api.w.org\/{rel}","templated":true}]}}