{"id":730,"date":"2024-12-19T15:45:33","date_gmt":"2024-12-19T14:45:33","guid":{"rendered":"https:\/?page_id=730"},"modified":"2025-10-17T16:31:29","modified_gmt":"2025-10-17T14:31:29","slug":"avis-legal","status":"publish","type":"page","link":"https:\/\/netegesguti.com\/ca\/avis-legal\/","title":{"rendered":"Av\u00eds legal"},"content":{"rendered":"<h1><strong>Av\u00eds legal<\/strong><\/h1>\n<h2><strong>1. Informaci\u00f3 legal<\/strong><\/h2>\n<div>\n<p>En compliment amb el que estableix la<strong> Llei 34\/2002, d&#8217;11 de juliol, de serveis de la Societat de la Informaci\u00f3 i de Comer\u00e7 Electr\u00f2nic (LSSI-CE)<\/strong> presentem la informaci\u00f3 seg\u00fcent:<\/p>\n<p><strong>TITULAR:<\/strong> AFG SOLUCIONES Y SISTEMAS, SL<\/p>\n<p><strong>NIF:<\/strong> B63108112<\/p>\n<p><strong>NOM COMERCIAL:<\/strong> NETEGES GUTI<\/p>\n<p><strong>ADRE\u00c7A DE CONTACTE:<\/strong> Carrer Susany, 8 &#8211; PAE Avellanet; 08554 &#8211; Sant Miquel de Baleny\u00e0 (Barcelona)<\/p>\n<p><strong>CONTACTE:<\/strong> <a href=\"tel:+34930485120\">+34 930 485 120<\/a><\/p>\n<p><strong>CORREUS ELECTR\u00d2NICS:<\/strong> <a href=\"mailto:info@netegesguti.com\">info@netegesguti.com<\/a><\/p>\n<p><strong>P\u00c0GINA WEB OFICIAL: <\/strong><a href=\"https:\/\/netegesguti.com\/ca\/\">https:\/\/netegesguti.com\/ca\/<\/a><\/p>\n<\/div>\n<h2><strong>2. Protecci\u00f3 de dades<\/strong><\/h2>\n<div>\n<p>Enviant un correu electr\u00f2nic o trucant per tel\u00e8fon, les vostres dades personals passaran a ser responsabilitat de l&#8217;empresa indicada a l&#8217;apartat <strong>\u00ab1. Informaci\u00f3 Legal\u00bb<\/strong>.<\/p>\n<p>Aquestes dades s&#8217;utilitzen per respondre a la vostra sol\u00b7licitud o consulta el m\u00e9s r\u00e0pid possible perqu\u00e8 vost\u00e8 ens les proporciona informat i lliurement amb aquesta finalitat. Per a altres tractaments o finalitats relacionats amb aquesta prestaci\u00f3 dels nostres serveis o el desenvolupament de la nostra activitat, vost\u00e8 pot obtenir m\u00e9s informaci\u00f3 a la <strong>\u00abPol\u00edtica de Privadesa\u00bb<\/strong> o sol\u00b7licitar-nos-la a la nostra adre\u00e7a de correu electr\u00f2nic que apareix a l&#8217;apartat <strong>\u00ab1. Informaci\u00f3 Legal\u00bb<\/strong>.<\/p>\n<\/div>\n<h2><strong>3. Limitaci\u00f3 de responsabilitats<\/strong><\/h2>\n<div>\n<p><strong>NETEGES GUTI<\/strong> proporciona el seu lloc web corporatiu com a mitj\u00e0 per donar a con\u00e8ixer els seus serveis, i permetre el contacte amb els clients.<\/p>\n<p>La informaci\u00f3 de la p\u00e0gina web es presenta de bona fe i totalment certa, per\u00f2 ens reservem el dret de modificar-la sense previ av\u00eds amb la finalitat d&#8217;actualitzar-la, corregir errors i qualsevol altre en inter\u00e8s de l&#8217;empresa o dels nostres clients. Per a la contractaci\u00f3 dels serveis de l&#8217;empresa s&#8217;atendran a all\u00f2 que es disposa en les condicions de contractaci\u00f3 publicades a la p\u00e0gina web.<\/p>\n<p>L&#8217;empresa no es responsabilitza sobre els possibles danys inform\u00e0tics que pateixi l&#8217;usuari mentre visiteu la nostra p\u00e0gina web, entenent que aquests no puguin ser imputables a l&#8217;empresa.<\/p>\n<p>L&#8217;empresa tampoc no es responsabilitza del contingut dels llocs gestionats per tercers que s&#8217;enllacin des de la p\u00e0gina web de <strong>NETEGES GUTI<\/strong>, aix\u00ed mateix aquests enlla\u00e7os no implicaran l&#8217;exist\u00e8ncia d&#8217;algun tipus de relaci\u00f3 per part de l&#8217;empresa amb tercers.<\/p>\n<\/div>\n<h2><strong>4. Propietat intel\u00b7lectual<\/strong><\/h2>\n<div>\n<p>Tots els continguts d&#8217;aquesta p\u00e0gina web, entenent com a tal, textos, dibuixos, gr\u00e0fics, fotografies, imatges, v\u00eddeos, m\u00fasica, codi, el propi disseny d&#8217;aquesta i qualsevol altra creaci\u00f3, s\u00f3n propietat de <strong>NETEGES GUTI<\/strong> o dels seus titulars respectius mitjan\u00e7ant la corresponent llic\u00e8ncia, autoritzaci\u00f3 o cessi\u00f3 sobre els drets i estan protegits en funci\u00f3 de la legislaci\u00f3 sobre la propietat intel\u00b7lectual i industrial. En cap cas, s&#8217;entendr\u00e0 que la posada en disposici\u00f3 al p\u00fablic de la p\u00e0gina web constitueix una ren\u00fancia, cessi\u00f3 o llic\u00e8ncia dels drets que <strong>NETEGES GUTI<\/strong> t\u00e9 sobre els continguts d&#8217;aquesta. Queda prohibit qualsevol \u00fas dels continguts de la nostra p\u00e0gina web, inclosa la modificaci\u00f3, la c\u00f2pia, la reproducci\u00f3, la transmissi\u00f3, entre d&#8217;altres, sense el perm\u00eds previ per escrit de l&#8217;empresa.<\/p>\n<\/div>\n<p><!--more--><br \/>\n<!-- {\"type\":\"layout\",\"children\":[{\"type\":\"section\",\"props\":{\"image_position\":\"center-center\",\"image_size\":\"cover\",\"padding\":\"small\",\"style\":\"default\",\"text_color\":\"light\",\"title_breakpoint\":\"xl\",\"title_position\":\"top-left\",\"title_rotation\":\"left\",\"vertical_align\":\"\",\"width\":\"default\"},\"children\":[{\"type\":\"row\",\"children\":[{\"type\":\"column\",\"props\":{\"image_position\":\"center-center\",\"position_sticky_breakpoint\":\"m\"},\"children\":[{\"type\":\"headline\",\"props\":{\"block_align\":\"center\",\"content\":\"<strong>Av\\u00eds legal<\\\/strong>\",\"margin_remove_bottom\":false,\"margin_remove_top\":false,\"text_align\":\"center\",\"title_color\":\"primary\",\"title_element\":\"h1\",\"title_style\":\"h2\"}}]}]}],\"name\":\"Av\\u00eds legal\"},{\"name\":\"Contingut\",\"type\":\"section\",\"props\":{\"image_position\":\"center-center\",\"padding\":\"xsmall\",\"style\":\"default\",\"title_breakpoint\":\"xl\",\"title_position\":\"top-left\",\"title_rotation\":\"left\",\"vertical_align\":\"\",\"width\":\"small\"},\"children\":[{\"type\":\"row\",\"children\":[{\"type\":\"column\",\"props\":{\"image_position\":\"center-center\",\"position_sticky_breakpoint\":\"m\",\"width_medium\":\"1-1\"},\"children\":[{\"type\":\"headline\",\"props\":{\"content\":\"<strong>1. Informaci\\u00f3 legal<\\\/strong>\",\"text_align\":\"left\",\"title_color\":\"secondary\",\"title_element\":\"h2\",\"title_style\":\"h3\"}},{\"type\":\"text\",\"props\":{\"column_breakpoint\":\"m\",\"content\":\"\n\n<p>En compliment amb el que estableix la<strong> Llei 34\\\/2002, d'11 de juliol, de serveis de la Societat de la Informaci\\u00f3 i de Comer\\u00e7 Electr\\u00f2nic (LSSI-CE)<\\\/strong> presentem la informaci\\u00f3 seg\\u00fcent:<\\\/p>\\n\n\n<p><strong>TITULAR:<\\\/strong> AFG SOLUCIONES Y SISTEMAS, SL<\\\/p>\\n\n\n<p><strong>NIF:<\\\/strong> B63108112<\\\/p>\\n\n\n<p><strong>NOM COMERCIAL:<\\\/strong> NETEGES GUTI<\\\/p>\\n\n\n<p><strong>ADRE\\u00c7A DE CONTACTE:<\\\/strong> Carrer Susany, 8 - PAE Avellanet; 08554 - Sant Miquel de Baleny\\u00e0 (Barcelona)<\\\/p>\\n\n\n<p><strong>CONTACTE:<\\\/strong> <a href=\\\"tel:+34930485120\\\">+34 930 485 120<\\\/a><\\\/p>\\n\n\n<p><strong>CORREUS ELECTR\\u00d2NICS:<\\\/strong> <a href=\\\"mailto:info@netegesguti.com\\\">info@netegesguti.com<\\\/a><\\\/p>\\n\n\n<p><strong>P\\u00c0GINA WEB OFICIAL: <\\\/strong><a href=\\\"https:\\\/\\\/netegesguti.com\\\/ca\\\/\\\">https:\\\/\\\/netegesguti.com\\\/ca\\\/<\\\/a><\\\/p>\",\"margin\":\"default\",\"text_align\":\"left\",\"text_color\":\"primary\"}}]}]},{\"type\":\"row\",\"props\":{\"margin\":\"large\"},\"children\":[{\"type\":\"column\",\"props\":{\"image_position\":\"center-center\",\"position_sticky_breakpoint\":\"m\",\"width_medium\":\"1-1\"},\"children\":[{\"type\":\"headline\",\"props\":{\"content\":\"<strong>2. Protecci\\u00f3 de dades<\\\/strong>\",\"text_align\":\"left\",\"title_color\":\"secondary\",\"title_element\":\"h2\",\"title_style\":\"h3\"}},{\"type\":\"text\",\"props\":{\"column_breakpoint\":\"m\",\"content\":\"\n\n<p>Enviant un correu electr\\u00f2nic o trucant per tel\\u00e8fon, les vostres dades personals passaran a ser responsabilitat de l'empresa indicada a l'apartat <strong>\\u00ab1. Informaci\\u00f3 Legal\\u00bb<\\\/strong>.<\\\/p>\\n\n\n<p>Aquestes dades s'utilitzen per respondre a la vostra sol\\u00b7licitud o consulta el m\\u00e9s r\\u00e0pid possible perqu\\u00e8 vost\\u00e8 ens les proporciona informat i lliurement amb aquesta finalitat. Per a altres tractaments o finalitats relacionats amb aquesta prestaci\\u00f3 dels nostres serveis o el desenvolupament de la nostra activitat, vost\\u00e8 pot obtenir m\\u00e9s informaci\\u00f3 a la <strong>\\u00abPol\\u00edtica de Privadesa\\u00bb<\\\/strong> o sol\\u00b7licitar-nos-la a la nostra adre\\u00e7a de correu electr\\u00f2nic que apareix a l'apartat <strong>\\u00ab1. Informaci\\u00f3 Legal\\u00bb<\\\/strong>.<\\\/p>\",\"margin\":\"default\",\"text_color\":\"primary\"}}]}]},{\"type\":\"row\",\"props\":{\"margin\":\"large\"},\"children\":[{\"type\":\"column\",\"props\":{\"image_position\":\"center-center\",\"position_sticky_breakpoint\":\"m\",\"width_medium\":\"1-1\"},\"children\":[{\"type\":\"headline\",\"props\":{\"content\":\"<strong>3. Limitaci\\u00f3 de responsabilitats<\\\/strong>\",\"text_align\":\"left\",\"title_color\":\"secondary\",\"title_element\":\"h2\",\"title_style\":\"h3\"}},{\"type\":\"text\",\"props\":{\"column_breakpoint\":\"m\",\"content\":\"\n\n<p><strong>NETEGES GUTI<\\\/strong> proporciona el seu lloc web corporatiu com a mitj\\u00e0 per donar a con\\u00e8ixer els seus serveis, i permetre el contacte amb els clients.<\\\/p>\\n\n\n<p>La informaci\\u00f3 de la p\\u00e0gina web es presenta de bona fe i totalment certa, per\\u00f2 ens reservem el dret de modificar-la sense previ av\\u00eds amb la finalitat d'actualitzar-la, corregir errors i qualsevol altre en inter\\u00e8s de l'empresa o dels nostres clients. Per a la contractaci\\u00f3 dels serveis de l'empresa s'atendran a all\\u00f2 que es disposa en les condicions de contractaci\\u00f3 publicades a la p\\u00e0gina web.<\\\/p>\\n\n\n<p>L'empresa no es responsabilitza sobre els possibles danys inform\\u00e0tics que pateixi l'usuari mentre visiteu la nostra p\\u00e0gina web, entenent que aquests no puguin ser imputables a l'empresa.<\\\/p>\\n\n\n<p>L'empresa tampoc no es responsabilitza del contingut dels llocs gestionats per tercers que s'enllacin des de la p\\u00e0gina web de <strong>NETEGES GUTI<\\\/strong>, aix\\u00ed mateix aquests enlla\\u00e7os no implicaran l'exist\\u00e8ncia d'algun tipus de relaci\\u00f3 per part de l'empresa amb tercers.<\\\/p>\",\"margin\":\"default\",\"text_color\":\"primary\"}}]}]},{\"type\":\"row\",\"props\":{\"margin\":\"large\"},\"children\":[{\"type\":\"column\",\"props\":{\"image_position\":\"center-center\",\"position_sticky_breakpoint\":\"m\",\"width_medium\":\"1-1\"},\"children\":[{\"type\":\"headline\",\"props\":{\"content\":\"<strong>4. Propietat intel\\u00b7lectual<\\\/strong>\",\"text_align\":\"left\",\"title_color\":\"secondary\",\"title_element\":\"h2\",\"title_style\":\"h3\"}},{\"type\":\"text\",\"props\":{\"column_breakpoint\":\"m\",\"content\":\"\n\n<p>Tots els continguts d'aquesta p\\u00e0gina web, entenent com a tal, textos, dibuixos, gr\\u00e0fics, fotografies, imatges, v\\u00eddeos, m\\u00fasica, codi, el propi disseny d'aquesta i qualsevol altra creaci\\u00f3, s\\u00f3n propietat de <strong>NETEGES GUTI<\\\/strong> o dels seus titulars respectius mitjan\\u00e7ant la corresponent llic\\u00e8ncia, autoritzaci\\u00f3 o cessi\\u00f3 sobre els drets i estan protegits en funci\\u00f3 de la legislaci\\u00f3 sobre la propietat intel\\u00b7lectual i industrial. En cap cas, s'entendr\\u00e0 que la posada en disposici\\u00f3 al p\\u00fablic de la p\\u00e0gina web constitueix una ren\\u00fancia, cessi\\u00f3 o llic\\u00e8ncia dels drets que <strong>NETEGES GUTI<\\\/strong> t\\u00e9 sobre els continguts d'aquesta. Queda prohibit qualsevol \\u00fas dels continguts de la nostra p\\u00e0gina web, inclosa la modificaci\\u00f3, la c\\u00f2pia, la reproducci\\u00f3, la transmissi\\u00f3, entre d'altres, sense el perm\\u00eds previ per escrit de l'empresa.<\\\/p>\",\"margin\":\"default\",\"text_color\":\"primary\"}}]}]}]}],\"version\":\"4.5.31\"} --><\/p>\n","protected":false},"excerpt":{"rendered":"<p>Av\u00eds legal 1. Informaci\u00f3 legal En compliment amb el que estableix la Llei 34\/2002, d&#8217;11 de juliol, de serveis de la Societat de la Informaci\u00f3 i de Comer\u00e7 Electr\u00f2nic (LSSI-CE) presentem la informaci\u00f3 seg\u00fcent: TITULAR: AFG SOLUCIONES Y SISTEMAS, SL NIF: B63108112 NOM COMERCIAL: NETEGES GUTI ADRE\u00c7A DE CONTACTE: Carrer Susany, 8 &#8211; PAE Avellanet; [&hellip;]<\/p>\n","protected":false},"author":1,"featured_media":0,"parent":0,"menu_order":0,"comment_status":"closed","ping_status":"closed","template":"","meta":{"footnotes":""},"class_list":["post-730","page","type-page","status-publish","hentry"],"_links":{"self":[{"href":"https:\/\/netegesguti.com\/ca\/wp-json\/wp\/v2\/pages\/730","targetHints":{"allow":["GET"]}}],"collection":[{"href":"https:\/\/netegesguti.com\/ca\/wp-json\/wp\/v2\/pages"}],"about":[{"href":"https:\/\/netegesguti.com\/ca\/wp-json\/wp\/v2\/types\/page"}],"author":[{"embeddable":true,"href":"https:\/\/netegesguti.com\/ca\/wp-json\/wp\/v2\/users\/1"}],"replies":[{"embeddable":true,"href":"https:\/\/netegesguti.com\/ca\/wp-json\/wp\/v2\/comments?post=730"}],"version-history":[{"count":0,"href":"https:\/\/netegesguti.com\/ca\/wp-json\/wp\/v2\/pages\/730\/revisions"}],"wp:attachment":[{"href":"https:\/\/netegesguti.com\/ca\/wp-json\/wp\/v2\/media?parent=730"}],"curies":[{"name":"wp","href":"https:\/\/api.w.org\/{rel}","templated":true}]}}