{"id":744,"date":"2024-12-19T15:54:39","date_gmt":"2024-12-19T14:54:39","guid":{"rendered":"https:\/?page_id=744"},"modified":"2025-10-17T16:26:43","modified_gmt":"2025-10-17T14:26:43","slug":"contacte","status":"publish","type":"page","link":"https:\/\/netegesguti.com\/ca\/contacte\/","title":{"rendered":"Contacte"},"content":{"rendered":"<h1>Contacte<\/h1>\n<h2><a href=\"#\">Ubicaci\u00f3 Google<\/a><\/h2>\n<div>\n<p>41.8416239,2.2420358<\/p>\n<p><img decoding=\"async\" src=\"\/wp-content\/uploads\/2024\/12\/favicon-neteges-guti-96x96-1.png\" alt=\"\"><\/p>\n<h3>NETEGES GUTI<\/h3>\n<p>Sant Miquel de Baleny\u00e0<\/p>\n<p><a href=\"https:\/\/www.google.es\/maps\/dir\/41.8086966,2.2335162\/netegesguti.com\/@41.822017,2.2012662,13z\/data=!3m1!4b1!4m9!4m8!1m1!4e1!1m5!1m1!1s0x12a4d90ebfffffff:0xc80a6408fab8e03f!2m2!1d2.2446326!2d41.8416151?entry=ttu\">Veure mapa<\/a><\/p>\n<\/div>\n<h2>La nostra oficina<\/h2>\n<ul>\n<li>\n<div>\n<p>Carrer Susany, 8 &#8211; PAE Avellanet<\/p>\n<\/div>\n<\/li>\n<li>\n<div>\n<p>08554 St Miquel de Baleny\u00e0<\/p>\n<\/div>\n<\/li>\n<li>\n<div>\n<p>Barcelona<\/p>\n<\/div>\n<\/li>\n<li>\n<p><a href=\"tel:+34930485120\"><\/p>\n<p>+34 930 485 120<\/p>\n<p><\/a><\/p>\n<\/li>\n<li>\n<p><a href=\"https:\/\/wa.me\/34930485120\" target=\"_blank\" rel=\"noopener\"><\/p>\n<p>+34 930 485 120<\/p>\n<p><\/a><\/p>\n<\/li>\n<\/ul>\n<p><img decoding=\"async\" src=\"\/wp-content\/uploads\/2024\/11\/logo-neteges-guti-footer.webp\" alt=\"\"><\/p>\n<h1><strong>Necessites gestionar els teus residus?<br \/><\/strong><\/h1>\n<div>\n<p><strong>NETEGES GUTI<\/strong> est\u00e0 especialitzada, avui dia, en tot tipus de desembussos de canonades, localitzaci\u00f3 i inspecci\u00f3 de canonades, separadors de greix de cuina i transport i tractament de residus org\u00e0nics.<\/p>\n<\/div>\n<p><!--more--><br \/>\n<!-- {\"type\":\"layout\",\"children\":[{\"type\":\"section\",\"props\":{\"image_position\":\"center-center\",\"padding\":\"small\",\"style\":\"default\",\"title_breakpoint\":\"xl\",\"title_position\":\"top-left\",\"title_rotation\":\"left\",\"vertical_align\":\"middle\",\"width\":\"default\"},\"children\":[{\"type\":\"row\",\"children\":[{\"type\":\"column\",\"props\":{\"image_position\":\"center-center\",\"position_sticky_breakpoint\":\"m\"},\"children\":[{\"type\":\"headline\",\"props\":{\"content\":\"Contacte\",\"text_align\":\"center\",\"title_element\":\"h1\"}}]}]}],\"name\":\"Portada\"},{\"name\":\"Ubicaci\\u00f3\",\"type\":\"section\",\"props\":{\"id\":\"location\",\"image_effect\":\"parallax\",\"image_parallax_bgx\":\"150,150\",\"image_parallax_bgy\":\"-100,100\",\"image_parallax_easing\":\"1\",\"image_position\":\"center-left\",\"media_visibility\":\"l\",\"padding\":\"small\",\"style\":\"default\",\"title_breakpoint\":\"xl\",\"title_position\":\"top-left\",\"title_rotation\":\"left\",\"vertical_align\":\"\",\"width\":\"large\"},\"children\":[{\"type\":\"row\",\"props\":{\"column_gap\":\"large\",\"html_element\":\"address\",\"layout\":\"3-5,2-5\",\"width\":\"expand\"},\"children\":[{\"type\":\"column\",\"props\":{\"image_position\":\"center-center\",\"position_sticky_breakpoint\":\"m\",\"vertical_align\":\"middle\",\"width_medium\":\"3-5\"},\"children\":[{\"type\":\"headline\",\"props\":{\"animation\":\"parallax\",\"content\":\"Ubicaci\\u00f3 Google\",\"link\":\"#\",\"margin_remove_top\":false,\"parallax_breakpoint\":\"m\",\"parallax_easing\":\"1\",\"parallax_end\":\"70vh + 70%\",\"parallax_opacity\":\"0,1\",\"text_align\":\"left\",\"text_align_breakpoint\":\"m\",\"text_align_fallback\":\"center\",\"title_element\":\"h2\",\"title_style\":\"h3\"}},{\"name\":\"Map Marker Popups\",\"type\":\"map\",\"children\":[{\"type\":\"map_item\",\"props\":{\"hide\":false,\"image\":\"wp-content\\\/uploads\\\/2024\\\/12\\\/favicon-neteges-guti-96x96-1.png\",\"link\":\"https:\\\/\\\/www.google.es\\\/maps\\\/dir\\\/41.8086966,2.2335162\\\/netegesguti.com\\\/@41.822017,2.2012662,13z\\\/data=!3m1!4b1!4m9!4m8!1m1!4e1!1m5!1m1!1s0x12a4d90ebfffffff:0xc80a6408fab8e03f!2m2!1d2.2446326!2d41.8416151?entry=ttu\",\"link_text\":\"Veure mapa\",\"location\":\"41.8416239,2.2420358\",\"meta\":\"Sant Miquel de Baleny\\u00e0\",\"show_popup\":true,\"title\":\"NETEGES GUTI\"}}],\"props\":{\"cluster_icon_1_height\":\"48\",\"cluster_icon_1_width\":\"48\",\"cluster_icon_2_height\":\"48\",\"cluster_icon_2_width\":\"48\",\"cluster_icon_3_height\":\"48\",\"cluster_icon_3_width\":\"48\",\"clustering\":false,\"content_margin\":\"small\",\"content_style\":\"text-meta\",\"controls\":true,\"dragging\":true,\"height\":\"400\",\"image_svg_color\":\"emphasis\",\"link_size\":\"small\",\"link_style\":\"secondary\",\"link_text\":\"\",\"margin\":\"default\",\"marker_icon_height\":\"38\",\"marker_icon_width\":\"38\",\"max_zoom\":\"18\",\"meta_align\":\"above-title\",\"meta_color\":\"primary\",\"meta_element\":\"div\",\"meta_style\":\"h6\",\"min_zoom\":\"3\",\"poi\":false,\"popup_max_width\":\"400\",\"show_content\":true,\"show_image\":true,\"show_link\":true,\"show_meta\":true,\"show_title\":true,\"title_element\":\"h3\",\"title_hover_style\":\"reset\",\"title_margin\":\"remove\",\"title_style\":\"h5\",\"type\":\"roadmap\",\"zoom\":\"8\",\"zooming\":true}}]},{\"type\":\"column\",\"props\":{\"image_position\":\"center-center\",\"position_sticky_breakpoint\":\"m\",\"vertical_align\":\"middle\",\"width_medium\":\"2-5\"},\"children\":[{\"type\":\"headline\",\"props\":{\"animation\":\"parallax\",\"content\":\"La nostra oficina\",\"parallax_easing\":\"1\",\"parallax_end\":\"70vh + 70%\",\"parallax_opacity\":\"0,1\",\"parallax_y\":\"20,0\",\"text_align\":\"left\",\"text_align_breakpoint\":\"m\",\"text_align_fallback\":\"center\",\"title_element\":\"h2\",\"title_style\":\"h3\"}},{\"type\":\"list\",\"props\":{\"block_align\":\"center\",\"column_breakpoint\":\"m\",\"css\":\".el-element{\\n color:#000000;   \\n}\\n.el-element li:nth-child(4) * {\\n  color:#1B7586;\\n}\\n.el-element li:nth-child(5) * {\\n  color:#1B7586;\\n}\\n.el-element li:nth-child(6) * {\\n  color:#1B7586;\\n}\",\"image_align\":\"left\",\"image_svg_color\":\"emphasis\",\"image_vertical_align\":true,\"list_element\":\"ul\",\"list_horizontal_separator\":\", \",\"list_type\":\"vertical\",\"maxwidth\":\"2xlarge\",\"show_image\":true,\"show_link\":true,\"text_align\":\"left\"},\"children\":[{\"type\":\"list_item\",\"props\":{\"content\":\"\n\n<p>Carrer Susany, 8 - PAE Avellanet<\\\/p>\",\"icon\":\"location\"}},{\"type\":\"list_item\",\"props\":{\"content\":\"\n\n<p>08554 St Miquel de Baleny\\u00e0<\\\/p>\",\"icon\":\"\"}},{\"type\":\"list_item\",\"props\":{\"content\":\"\n\n<p>Barcelona<\\\/p>\",\"icon\":\"\"}},{\"type\":\"list_item\",\"props\":{\"content\":\"\n\n<p>+34 930 485 120<\\\/p>\",\"icon\":\"receiver\",\"link\":\"tel:+34930485120\",\"link_target\":true}},{\"type\":\"list_item\",\"props\":{\"content\":\"\n\n<p>+34 930 485 120<\\\/p>\",\"icon\":\"whatsapp\",\"link\":\"https:\\\/\\\/wa.me\\\/34930485120\",\"link_target\":true}}]}]}]}]},{\"name\":\"Acci\\u00f3\",\"type\":\"section\",\"props\":{\"animation\":\"fade\",\"image_position\":\"center-center\",\"padding\":\"small\",\"padding_remove_top\":false,\"style\":\"primary\",\"title_breakpoint\":\"xl\",\"title_position\":\"top-left\",\"title_rotation\":\"left\",\"vertical_align\":\"\",\"width\":\"large\"},\"children\":[{\"type\":\"row\",\"children\":[{\"type\":\"column\",\"props\":{\"image_position\":\"center-center\",\"position_sticky_breakpoint\":\"m\",\"width_medium\":\"1-1\"},\"children\":[{\"type\":\"image\",\"props\":{\"image\":\"wp-content\\\/uploads\\\/2024\\\/11\\\/logo-neteges-guti-footer.webp\",\"image_svg_color\":\"emphasis\",\"margin\":\"default\",\"text_align\":\"center\"}},{\"type\":\"headline\",\"props\":{\"block_align\":\"center\",\"content\":\"<strong>Necessites gestionar els teus residus?<br \\\/><\\\/strong>\",\"maxwidth\":\"2xlarge\",\"text_align\":\"center\",\"title_color\":\"emphasis\",\"title_element\":\"h1\",\"title_style\":\"h3\"}},{\"type\":\"text\",\"props\":{\"block_align\":\"center\",\"column_breakpoint\":\"m\",\"content\":\"\n\n<p><strong>NETEGES GUTI<\\\/strong> est\\u00e0 especialitzada, avui dia, en tot tipus de desembussos de canonades, localitzaci\\u00f3 i inspecci\\u00f3 de canonades, separadors de greix de cuina i transport i tractament de residus org\\u00e0nics.<\\\/p>\",\"margin\":\"\",\"margin_remove_top\":false,\"maxwidth\":\"2xlarge\",\"text_align\":\"center\",\"text_color\":\"emphasis\",\"text_style\":\"large\"}}]}],\"props\":{\"margin_remove_bottom\":true,\"width\":\"xlarge\"}}]}],\"version\":\"4.5.31\"} --><\/p>\n","protected":false},"excerpt":{"rendered":"<p>Contacte Ubicaci\u00f3 Google 41.8416239,2.2420358 NETEGES GUTI Sant Miquel de Baleny\u00e0 Veure mapa La nostra oficina Carrer Susany, 8 &#8211; PAE Avellanet 08554 St Miquel de Baleny\u00e0 Barcelona +34 930 485 120 +34 930 485 120 Necessites gestionar els teus residus? NETEGES GUTI est\u00e0 especialitzada, avui dia, en tot tipus de desembussos de canonades, localitzaci\u00f3 i [&hellip;]<\/p>\n","protected":false},"author":1,"featured_media":0,"parent":0,"menu_order":0,"comment_status":"closed","ping_status":"closed","template":"","meta":{"footnotes":""},"class_list":["post-744","page","type-page","status-publish","hentry"],"_links":{"self":[{"href":"https:\/\/netegesguti.com\/ca\/wp-json\/wp\/v2\/pages\/744","targetHints":{"allow":["GET"]}}],"collection":[{"href":"https:\/\/netegesguti.com\/ca\/wp-json\/wp\/v2\/pages"}],"about":[{"href":"https:\/\/netegesguti.com\/ca\/wp-json\/wp\/v2\/types\/page"}],"author":[{"embeddable":true,"href":"https:\/\/netegesguti.com\/ca\/wp-json\/wp\/v2\/users\/1"}],"replies":[{"embeddable":true,"href":"https:\/\/netegesguti.com\/ca\/wp-json\/wp\/v2\/comments?post=744"}],"version-history":[{"count":0,"href":"https:\/\/netegesguti.com\/ca\/wp-json\/wp\/v2\/pages\/744\/revisions"}],"wp:attachment":[{"href":"https:\/\/netegesguti.com\/ca\/wp-json\/wp\/v2\/media?parent=744"}],"curies":[{"name":"wp","href":"https:\/\/api.w.org\/{rel}","templated":true}]}}