{"id":789,"date":"2024-12-19T16:17:59","date_gmt":"2024-12-19T15:17:59","guid":{"rendered":"https:\/?page_id=789"},"modified":"2024-12-19T21:14:39","modified_gmt":"2024-12-19T20:14:39","slug":"fosses-septiques","status":"publish","type":"page","link":"https:\/\/netegesguti.com\/ca\/fosses-septiques\/","title":{"rendered":"Fosses s\u00e8ptiques"},"content":{"rendered":"<h1>Fosses s\u00e8ptiques<\/h1>\n<div>\n<p>Buidem i netegem fosses s\u00e8ptiques per a empreses i particulars. Per a clients de la comarca d&#8217;Osona, el gestionem al Consell Comarcal d&#8217;Osona i transportem el residu a EDAR de Vic.<\/p>\n<\/div>\n<h1><strong>Qu\u00e8 \u00e9s i com funciona?<\/strong><\/h1>\n<p><img decoding=\"async\" src=\"\/gutiwp\/wp-content\/uploads\/2024\/11\/fosa-septica.webp\" alt=\"\"><\/p>\n<div><strong>01<\/strong><\/div>\n<h2><strong>Eliminaci\u00f3 de residus fecals<\/strong><\/h2>\n<div>\n<p><strong>Les fosses s\u00e8ptiques s\u00f3n estanys segurs d&#8217;emmagatzematge i per a una eliminaci\u00f3 posterior de residus fecals.<\/strong> A trav\u00e9s d&#8217;un proc\u00e9s de decantaci\u00f3 i sedimentaci\u00f3 s&#8217;aconsegueix eliminar tots els residus s\u00f2lids que s\u00f3n presents a les aig\u00fces residuals, evitant aix\u00ed la contaminaci\u00f3 de s\u00f2ls o les fonts de recursos d&#8217;aigua dol\u00e7a.<\/p>\n<p>Se solen instal\u00b7lar aquests sistemes en zones rurals on no tenen una xarxa municipal de clavegueram.<\/p>\n<\/div>\n<div><strong>02<\/strong><\/div>\n<h2><strong>Fosses s\u00e8ptiques d&#8217;una sola c\u00e0mera<\/strong><\/h2>\n<div>\n<p>Per instal\u00b7lar una fossa s\u00e8ptica, cal excavar un petit pou i construir un tanc d&#8217;obra o, una altra opci\u00f3, comprar una fossa s\u00e8ptica ja fabricada amb tot el sistema de drenatge i col\u00b7locar-la a l&#8217;interior. , i cadascuna funciona de diferent forma.<\/p>\n<p><strong>Fosses s\u00e8ptiques d&#8217;una sola c\u00e0mera:<\/strong><\/p>\n<p>Les aig\u00fces grises i les aig\u00fces negres entren per una canonada fins a la fossa, on es decanten i sedimenten, suren a la superf\u00edcie o s&#8217;enfonsen fins al fons del dip\u00f2sit, formant llots i sediments.<\/p>\n<p>Els sediments que estan atrapats a la cambra s\u00f3n digerits i redu\u00efts a partir d&#8217;una fermentaci\u00f3 anaer\u00f2bia, cosa que fa que la formaci\u00f3 de gasos, com el di\u00f2xid de carboni CO\u2082 i l&#8217;amoni NH4.<\/p>\n<\/div>\n<p><img decoding=\"async\" src=\"\/gutiwp\/wp-content\/uploads\/2024\/11\/vaciado-fosa-septica.webp\" alt=\"\"><br \/>\n<img decoding=\"async\" src=\"\/gutiwp\/wp-content\/uploads\/2024\/11\/fosa-septica-casa-unifamiliar.webp\" alt=\"\"><\/p>\n<div><strong>03<\/strong><\/div>\n<h2><strong>I de dues c\u00e0meres<\/strong><\/h2>\n<div>\n<p>Durant el proc\u00e9s de decantaci\u00f3 i sedimentaci\u00f3 a la primera cambra, els efluents decantats passen a una segona cambra. Aquestes aig\u00fces no estan del tot depurades, perqu\u00e8 encara tenen g\u00e8rmens bacterians, per\u00f2 ja han passat per un pretractament que permet eliminar el 30% de la contaminaci\u00f3 carb\u00f2nica.<\/p>\n<\/div>\n<p><img decoding=\"async\" src=\"\/gutiwp\/wp-content\/uploads\/2024\/11\/logo-neteges-guti-footer.webp\" alt=\"\"><\/p>\n<h1><strong>No tens connexi\u00f3 al clavegueram general?<\/strong><\/h1>\n<div>\n<p>Nosaltres et netegem i buidem la teva fossa s\u00e8ptica i transportem i gestionem el residu a la teva Depuradora Comarcal.<\/p>\n<\/div>\n<ul>\n<li>\n        <a href=\"\/gutiwp\/ca\/contacte\/\">Contactar<\/a>\n    <\/li>\n<li>\n        <a href=\"tel:+34608672600\">Trucar<\/a>\n    <\/li>\n<\/ul>\n<p><!--more--><br \/>\n<!-- {\"type\":\"layout\",\"children\":[{\"type\":\"section\",\"props\":{\"height\":\"viewport\",\"height_offset_top\":true,\"height_viewport\":80,\"image\":\"wp-content\\\/uploads\\\/2024\\\/11\\\/fosas-septicas.webp\",\"image_position\":\"center-center\",\"image_size\":\"cover\",\"style\":\"default\",\"text_color\":\"light\",\"title_breakpoint\":\"xl\",\"title_position\":\"top-left\",\"title_rotation\":\"left\",\"vertical_align\":\"middle\",\"width\":\"default\"},\"children\":[{\"type\":\"row\",\"children\":[{\"type\":\"column\",\"props\":{\"image_position\":\"center-center\",\"position_sticky_breakpoint\":\"m\"}}]}],\"name\":\"Portada\"},{\"type\":\"section\",\"props\":{\"image_position\":\"center-center\",\"padding\":\"small\",\"style\":\"primary\",\"title_breakpoint\":\"xl\",\"title_position\":\"top-left\",\"title_rotation\":\"left\",\"vertical_align\":\"\",\"width\":\"default\"},\"children\":[{\"type\":\"row\",\"children\":[{\"type\":\"column\",\"props\":{\"image_position\":\"center-center\",\"position_sticky_breakpoint\":\"m\"},\"children\":[{\"type\":\"headline\",\"props\":{\"content\":\"Fosses s\\u00e8ptiques\",\"text_align\":\"center\",\"title_color\":\"emphasis\",\"title_element\":\"h1\",\"title_style\":\"h2\"}},{\"type\":\"text\",\"props\":{\"block_align\":\"center\",\"column_breakpoint\":\"m\",\"content\":\"\n\n<p>Buidem i netegem fosses s\\u00e8ptiques per a empreses i particulars. Per a clients de la comarca d'Osona, el gestionem al Consell Comarcal d'Osona i transportem el residu a EDAR de Vic.<\\\/p>\",\"margin\":\"default\",\"maxwidth\":\"2xlarge\",\"text_align\":\"center\",\"text_color\":\"emphasis\",\"text_style\":\"large\"}}]}]}],\"name\":\"Introducci\\u00f3\"},{\"name\":\"Qu\\u00e8 \\u00e9s i com funciona?\",\"type\":\"section\",\"props\":{\"animation\":\"slide-bottom-medium\",\"image_effect\":\"fixed\",\"image_parallax_bgy\":\"-130,190\",\"image_position\":\"top-center\",\"image_size\":\"cover\",\"image_width\":\"2560\",\"padding_remove_top\":false,\"preserve_color\":false,\"style\":\"default\",\"title_breakpoint\":\"xl\",\"title_position\":\"top-left\",\"title_rotation\":\"left\",\"vertical_align\":\"\",\"width\":\"large\"},\"children\":[{\"type\":\"row\",\"props\":{\"margin\":\"xlarge\"},\"children\":[{\"type\":\"column\",\"props\":{\"image_position\":\"center-center\",\"position_sticky_breakpoint\":\"m\",\"width_medium\":\"1-1\"},\"children\":[{\"type\":\"headline\",\"props\":{\"content\":\"<strong>Qu\\u00e8 \\u00e9s i com funciona?<\\\/strong>\",\"text_align\":\"center\",\"title_element\":\"h1\",\"title_style\":\"h3\"}}]}]}]},{\"type\":\"section\",\"props\":{\"image_position\":\"center-center\",\"padding_remove_bottom\":false,\"padding_remove_top\":false,\"style\":\"muted\",\"title_breakpoint\":\"xl\",\"title_position\":\"top-left\",\"title_rotation\":\"left\",\"vertical_align\":\"\",\"width\":\"default\"},\"children\":[{\"type\":\"row\",\"props\":{\"layout\":\"3-5,2-5\"},\"children\":[{\"type\":\"column\",\"props\":{\"image_position\":\"center-center\",\"position_sticky_breakpoint\":\"m\",\"vertical_align\":\"middle\",\"width_medium\":\"3-5\"},\"children\":[{\"name\":\"Image Box Decoration Mask\",\"type\":\"image\",\"props\":{\"block_align\":\"center\",\"image\":\"wp-content\\\/uploads\\\/2024\\\/11\\\/fosa-septica.webp\",\"image_box_decoration\":\"mask\",\"image_svg_color\":\"emphasis\",\"margin\":\"\",\"maxwidth\":\"xlarge\",\"text_align\":\"center\"}}]},{\"type\":\"column\",\"props\":{\"image_position\":\"center-center\",\"position_sticky_breakpoint\":\"m\",\"vertical_align\":\"middle\",\"width_medium\":\"2-5\"},\"children\":[{\"type\":\"headline\",\"props\":{\"animation\":\"none\",\"content\":\"<strong>01<\\\/strong>\",\"margin_remove_top\":true,\"parallax_end\":\"60vh + 60%\",\"parallax_y\":\"0,-50\",\"text_align\":\"center\",\"text_align_fallback\":\"center\",\"title_element\":\"div\",\"title_style\":\"h3\"}},{\"type\":\"headline\",\"props\":{\"animation\":\"none\",\"content\":\"<strong>Eliminaci\\u00f3 de residus fecals<\\\/strong>\",\"margin_remove_top\":true,\"parallax_end\":\"60vh + 60%\",\"parallax_y\":\"0,-50\",\"text_align\":\"center\",\"text_align_fallback\":\"center\",\"title_element\":\"h2\",\"title_style\":\"h3\"}},{\"type\":\"divider\",\"props\":{\"animation\":\"none\",\"divider_align\":\"center\",\"divider_align_fallback\":\"center\",\"divider_element\":\"div\",\"divider_style\":\"small\",\"parallax_x\":\"150,0\"}},{\"type\":\"text\",\"props\":{\"animation\":\"none\",\"block_align\":\"center\",\"block_align_fallback\":\"center\",\"column_breakpoint\":\"m\",\"content\":\"\n\n<p><strong>Les fosses s\\u00e8ptiques s\\u00f3n estanys segurs d'emmagatzematge i per a una eliminaci\\u00f3 posterior de residus fecals.<\\\/strong> A trav\\u00e9s d'un proc\\u00e9s de decantaci\\u00f3 i sedimentaci\\u00f3 s'aconsegueix eliminar tots els residus s\\u00f2lids que s\\u00f3n presents a les aig\\u00fces residuals, evitant aix\\u00ed la contaminaci\\u00f3 de s\\u00f2ls o les fonts de recursos d'aigua dol\\u00e7a.<\\\/p>\\n\n\n<p>Se solen instal\\u00b7lar aquests sistemes en zones rurals on no tenen una xarxa municipal de clavegueram.<\\\/p>\",\"margin\":\"\",\"margin_remove_top\":false,\"maxwidth\":\"xlarge\",\"parallax_easing\":\"0.3\",\"parallax_x\":\"150,0\",\"text_align\":\"center\",\"text_align_breakpoint\":\"l\",\"text_align_fallback\":\"center\",\"text_color\":\"primary\"}}]}]}],\"name\":\"Eliminaci\\u00f3 de residus fecals\"},{\"type\":\"section\",\"props\":{\"image_position\":\"center-center\",\"padding_remove_bottom\":false,\"padding_remove_top\":false,\"style\":\"default\",\"title_breakpoint\":\"xl\",\"title_position\":\"top-left\",\"title_rotation\":\"left\",\"vertical_align\":\"\",\"width\":\"default\"},\"children\":[{\"type\":\"row\",\"props\":{\"layout\":\"2-5,3-5\"},\"children\":[{\"type\":\"column\",\"props\":{\"image_position\":\"center-center\",\"order_first\":\"l\",\"position_sticky_breakpoint\":\"m\",\"vertical_align\":\"middle\",\"width_medium\":\"2-5\"},\"children\":[{\"type\":\"headline\",\"props\":{\"animation\":\"none\",\"content\":\"<strong>02<\\\/strong>\",\"margin_remove_top\":true,\"parallax_end\":\"60vh + 60%\",\"parallax_y\":\"0,-50\",\"text_align\":\"center\",\"text_align_fallback\":\"center\",\"title_element\":\"div\",\"title_style\":\"h3\"}},{\"type\":\"headline\",\"props\":{\"animation\":\"none\",\"content\":\"<strong>Fosses s\\u00e8ptiques d'una sola c\\u00e0mera<\\\/strong>\",\"margin_remove_top\":true,\"parallax_end\":\"60vh + 60%\",\"parallax_y\":\"0,-50\",\"text_align\":\"center\",\"text_align_fallback\":\"center\",\"title_element\":\"h2\",\"title_style\":\"h3\"}},{\"type\":\"divider\",\"props\":{\"animation\":\"none\",\"divider_align\":\"center\",\"divider_align_fallback\":\"center\",\"divider_element\":\"div\",\"divider_style\":\"small\",\"parallax_x\":\"150,0\"}},{\"type\":\"text\",\"props\":{\"animation\":\"none\",\"block_align\":\"center\",\"block_align_fallback\":\"center\",\"column_breakpoint\":\"m\",\"content\":\"\n\n<p>Per instal\\u00b7lar una fossa s\\u00e8ptica, cal excavar un petit pou i construir un tanc d'obra o, una altra opci\\u00f3, comprar una fossa s\\u00e8ptica ja fabricada amb tot el sistema de drenatge i col\\u00b7locar-la a l'interior. , i cadascuna funciona de diferent forma.<\\\/p>\\n\n\n<p><strong>Fosses s\\u00e8ptiques d'una sola c\\u00e0mera:<\\\/strong><\\\/p>\\n\n\n<p>Les aig\\u00fces grises i les aig\\u00fces negres entren per una canonada fins a la fossa, on es decanten i sedimenten, suren a la superf\\u00edcie o s'enfonsen fins al fons del dip\\u00f2sit, formant llots i sediments.<\\\/p>\\n\n\n<p>Els sediments que estan atrapats a la cambra s\\u00f3n digerits i redu\\u00efts a partir d'una fermentaci\\u00f3 anaer\\u00f2bia, cosa que fa que la formaci\\u00f3 de gasos, com el di\\u00f2xid de carboni CO\\u2082 i l'amoni NH4.<\\\/p>\",\"margin\":\"\",\"margin_remove_top\":false,\"maxwidth\":\"xlarge\",\"parallax_easing\":\"0.3\",\"parallax_x\":\"150,0\",\"text_align\":\"center\",\"text_align_fallback\":\"center\",\"text_color\":\"primary\"}}]},{\"type\":\"column\",\"props\":{\"image_position\":\"center-center\",\"order_first\":\"xs\",\"position_sticky_breakpoint\":\"m\",\"vertical_align\":\"middle\",\"width_medium\":\"3-5\"},\"children\":[{\"name\":\"Image Box Decoration Mask\",\"type\":\"image\",\"props\":{\"block_align\":\"center\",\"image\":\"wp-content\\\/uploads\\\/2024\\\/11\\\/vaciado-fosa-septica.webp\",\"image_box_decoration\":\"mask\",\"image_svg_color\":\"emphasis\",\"margin\":\"\",\"maxwidth\":\"xlarge\",\"text_align\":\"center\"}}]}]}],\"name\":\"Fosses s\\u00e8ptiques una sola c\\u00e0mera\"},{\"type\":\"section\",\"props\":{\"image_position\":\"center-center\",\"padding_remove_bottom\":false,\"padding_remove_top\":false,\"style\":\"muted\",\"title_breakpoint\":\"xl\",\"title_position\":\"top-left\",\"title_rotation\":\"left\",\"vertical_align\":\"\",\"width\":\"default\"},\"children\":[{\"type\":\"row\",\"props\":{\"layout\":\"3-5,2-5\"},\"children\":[{\"type\":\"column\",\"props\":{\"image_position\":\"center-center\",\"position_sticky_breakpoint\":\"m\",\"vertical_align\":\"middle\",\"width_medium\":\"3-5\"},\"children\":[{\"name\":\"Image Box Decoration Mask\",\"type\":\"image\",\"props\":{\"block_align\":\"center\",\"image\":\"wp-content\\\/uploads\\\/2024\\\/11\\\/fosa-septica-casa-unifamiliar.webp\",\"image_box_decoration\":\"mask\",\"image_svg_color\":\"emphasis\",\"margin\":\"\",\"maxwidth\":\"xlarge\",\"text_align\":\"center\"}}]},{\"type\":\"column\",\"props\":{\"image_position\":\"center-center\",\"position_sticky_breakpoint\":\"m\",\"vertical_align\":\"middle\",\"width_medium\":\"2-5\"},\"children\":[{\"type\":\"headline\",\"props\":{\"animation\":\"none\",\"content\":\"<strong>03<\\\/strong>\",\"margin_remove_top\":true,\"parallax_end\":\"60vh + 60%\",\"parallax_y\":\"0,-50\",\"text_align\":\"center\",\"text_align_fallback\":\"center\",\"title_element\":\"div\",\"title_style\":\"h3\"}},{\"type\":\"headline\",\"props\":{\"animation\":\"none\",\"content\":\"<strong>I de dues c\\u00e0meres<\\\/strong>\",\"margin_remove_top\":true,\"parallax_end\":\"60vh + 60%\",\"parallax_y\":\"0,-50\",\"text_align\":\"center\",\"text_align_fallback\":\"center\",\"title_element\":\"h2\",\"title_style\":\"h3\"}},{\"type\":\"divider\",\"props\":{\"animation\":\"none\",\"divider_align\":\"center\",\"divider_align_fallback\":\"center\",\"divider_element\":\"div\",\"divider_style\":\"small\",\"parallax_x\":\"150,0\"}},{\"type\":\"text\",\"props\":{\"column_breakpoint\":\"m\",\"content\":\"\n\n<p>Durant el proc\\u00e9s de decantaci\\u00f3 i sedimentaci\\u00f3 a la primera cambra, els efluents decantats passen a una segona cambra. Aquestes aig\\u00fces no estan del tot depurades, perqu\\u00e8 encara tenen g\\u00e8rmens bacterians, per\\u00f2 ja han passat per un pretractament que permet eliminar el 30% de la contaminaci\\u00f3 carb\\u00f2nica.<\\\/p>\",\"margin\":\"default\",\"text_align\":\"center\",\"text_color\":\"primary\"}}]}]}],\"name\":\"I de dues c\\u00e0meres\"},{\"type\":\"section\",\"props\":{\"image_position\":\"center-center\",\"style\":\"primary\",\"title_breakpoint\":\"xl\",\"title_position\":\"top-left\",\"title_rotation\":\"left\",\"vertical_align\":\"\",\"width\":\"default\"},\"children\":[{\"type\":\"row\",\"children\":[{\"type\":\"column\",\"props\":{\"image_position\":\"center-center\",\"position_sticky_breakpoint\":\"m\"},\"children\":[{\"type\":\"image\",\"props\":{\"image\":\"wp-content\\\/uploads\\\/2024\\\/11\\\/logo-neteges-guti-footer.webp\",\"image_svg_color\":\"emphasis\",\"margin\":\"default\",\"text_align\":\"center\"}},{\"type\":\"headline\",\"props\":{\"content\":\"<strong>No tens connexi\\u00f3 al clavegueram general?<\\\/strong>\",\"text_align\":\"center\",\"title_color\":\"emphasis\",\"title_element\":\"h1\",\"title_style\":\"h3\"}},{\"type\":\"text\",\"props\":{\"block_align\":\"center\",\"column_breakpoint\":\"m\",\"content\":\"\n\n<p>Nosaltres et netegem i buidem la teva fossa s\\u00e8ptica i transportem i gestionem el residu a la teva Depuradora Comarcal.<\\\/p>\",\"margin\":\"default\",\"maxwidth\":\"2xlarge\",\"text_align\":\"center\",\"text_color\":\"emphasis\",\"text_style\":\"large\"}},{\"name\":\"Button Style Secondary\",\"type\":\"button\",\"children\":[{\"type\":\"button_item\",\"props\":{\"button_style\":\"primary\",\"content\":\"Contactar\",\"icon\":\"mail\",\"icon_align\":\"left\",\"link\":\"ca\\\/contacte\\\/\",\"link_title\":\"Contactar\"}},{\"type\":\"button_item\",\"props\":{\"button_style\":\"primary\",\"content\":\"Trucar\",\"icon\":\"receiver\",\"icon_align\":\"left\",\"link\":\"tel:+34608672600\",\"link_target\":\"blank\",\"link_title\":\"Trucar\"}}],\"props\":{\"grid_column_gap\":\"small\",\"grid_row_gap\":\"small\",\"margin\":\"default\",\"margin_remove_top\":false,\"text_align\":\"center\"}}]}]}],\"name\":\"Acci\\u00f3\"}],\"version\":\"4.4.17\"} --><\/p>\n","protected":false},"excerpt":{"rendered":"<p>Fosses s\u00e8ptiques Buidem i netegem fosses s\u00e8ptiques per a empreses i particulars. Per a clients de la comarca d&#8217;Osona, el gestionem al Consell Comarcal d&#8217;Osona i transportem el residu a EDAR de Vic. Qu\u00e8 \u00e9s i com funciona? 01 Eliminaci\u00f3 de residus fecals Les fosses s\u00e8ptiques s\u00f3n estanys segurs d&#8217;emmagatzematge i per a una eliminaci\u00f3 [&hellip;]<\/p>\n","protected":false},"author":1,"featured_media":0,"parent":0,"menu_order":0,"comment_status":"closed","ping_status":"closed","template":"","meta":{"footnotes":""},"class_list":["post-789","page","type-page","status-publish","hentry"],"_links":{"self":[{"href":"https:\/\/netegesguti.com\/ca\/wp-json\/wp\/v2\/pages\/789","targetHints":{"allow":["GET"]}}],"collection":[{"href":"https:\/\/netegesguti.com\/ca\/wp-json\/wp\/v2\/pages"}],"about":[{"href":"https:\/\/netegesguti.com\/ca\/wp-json\/wp\/v2\/types\/page"}],"author":[{"embeddable":true,"href":"https:\/\/netegesguti.com\/ca\/wp-json\/wp\/v2\/users\/1"}],"replies":[{"embeddable":true,"href":"https:\/\/netegesguti.com\/ca\/wp-json\/wp\/v2\/comments?post=789"}],"version-history":[{"count":0,"href":"https:\/\/netegesguti.com\/ca\/wp-json\/wp\/v2\/pages\/789\/revisions"}],"wp:attachment":[{"href":"https:\/\/netegesguti.com\/ca\/wp-json\/wp\/v2\/media?parent=789"}],"curies":[{"name":"wp","href":"https:\/\/api.w.org\/{rel}","templated":true}]}}