{"id":835,"date":"2024-12-19T16:49:56","date_gmt":"2024-12-19T15:49:56","guid":{"rendered":"https:\/?page_id=835"},"modified":"2024-12-19T16:53:34","modified_gmt":"2024-12-19T15:53:34","slug":"plataforma-sdr","status":"publish","type":"page","link":"https:\/\/netegesguti.com\/ca\/plataforma-sdr\/","title":{"rendered":"Plataforma SDR"},"content":{"rendered":"<h1><strong>Plataforma documental SDR<\/strong><\/h1>\n<div>\n<p>Oferim un servei de gesti\u00f3 especial als nostres clients per fer tots els tr\u00e0mits relacionats amb la <strong>Plataforma de documentaci\u00f3 SDR de l&#8217;Ag\u00e8ncia de Residus de Catalunya<\/strong>. Si necessites un gestor exclusiu que porti tots els tr\u00e0mits relacionats amb el tractament dels teus residus, contacta amb nosaltres i t&#8217;enviarem un pressupost.<\/p>\n<\/div>\n<p>\n    <a href=\"tel:+34608672600\">Sol\u00b7licitar pressupost<\/a>\n<\/p>\n<p><!--more--><br \/>\n<!-- {\"type\":\"layout\",\"children\":[{\"type\":\"section\",\"props\":{\"image_position\":\"center-center\",\"style\":\"default\",\"title_breakpoint\":\"xl\",\"title_position\":\"top-left\",\"title_rotation\":\"left\",\"vertical_align\":\"middle\",\"width\":\"default\"},\"children\":[{\"type\":\"row\",\"children\":[{\"type\":\"column\",\"props\":{\"image_position\":\"center-center\",\"position_sticky_breakpoint\":\"m\"},\"children\":[{\"type\":\"headline\",\"props\":{\"content\":\"<strong>Plataforma documental SDR<\\\/strong>\",\"text_align\":\"center\",\"title_element\":\"h1\"}},{\"type\":\"text\",\"props\":{\"block_align\":\"center\",\"column_breakpoint\":\"m\",\"content\":\"\n\n<p>Oferim un servei de gesti\\u00f3 especial als nostres clients per fer tots els tr\\u00e0mits relacionats amb la <strong>Plataforma de documentaci\\u00f3 SDR de l'Ag\\u00e8ncia de Residus de Catalunya<\\\/strong>. Si necessites un gestor exclusiu que porti tots els tr\\u00e0mits relacionats amb el tractament dels teus residus, contacta amb nosaltres i t'enviarem un pressupost.<\\\/p>\",\"margin\":\"default\",\"maxwidth\":\"2xlarge\",\"text_align\":\"center\",\"text_color\":\"primary\"}},{\"name\":\"Button Style Secondary\",\"type\":\"button\",\"children\":[{\"type\":\"button_item\",\"props\":{\"button_style\":\"secondary\",\"content\":\"Sol\\u00b7licitar pressupost\",\"icon\":\"phone\",\"icon_align\":\"left\",\"link\":\"tel:+34608672600\",\"link_target\":\"blank\",\"link_title\":\"Sol\\u00b7licitar pressupost\"}}],\"props\":{\"grid_column_gap\":\"small\",\"grid_row_gap\":\"small\",\"margin\":\"default\",\"margin_remove_top\":false,\"text_align\":\"center\"}}]}]}],\"name\":\"Contingut\"}],\"version\":\"4.4.16\"} --><\/p>\n","protected":false},"excerpt":{"rendered":"<p>Plataforma documental SDR Oferim un servei de gesti\u00f3 especial als nostres clients per fer tots els tr\u00e0mits relacionats amb la Plataforma de documentaci\u00f3 SDR de l&#8217;Ag\u00e8ncia de Residus de Catalunya. Si necessites un gestor exclusiu que porti tots els tr\u00e0mits relacionats amb el tractament dels teus residus, contacta amb nosaltres i t&#8217;enviarem un pressupost. Sol\u00b7licitar [&hellip;]<\/p>\n","protected":false},"author":1,"featured_media":0,"parent":0,"menu_order":0,"comment_status":"closed","ping_status":"closed","template":"","meta":{"footnotes":""},"class_list":["post-835","page","type-page","status-publish","hentry"],"_links":{"self":[{"href":"https:\/\/netegesguti.com\/ca\/wp-json\/wp\/v2\/pages\/835","targetHints":{"allow":["GET"]}}],"collection":[{"href":"https:\/\/netegesguti.com\/ca\/wp-json\/wp\/v2\/pages"}],"about":[{"href":"https:\/\/netegesguti.com\/ca\/wp-json\/wp\/v2\/types\/page"}],"author":[{"embeddable":true,"href":"https:\/\/netegesguti.com\/ca\/wp-json\/wp\/v2\/users\/1"}],"replies":[{"embeddable":true,"href":"https:\/\/netegesguti.com\/ca\/wp-json\/wp\/v2\/comments?post=835"}],"version-history":[{"count":0,"href":"https:\/\/netegesguti.com\/ca\/wp-json\/wp\/v2\/pages\/835\/revisions"}],"wp:attachment":[{"href":"https:\/\/netegesguti.com\/ca\/wp-json\/wp\/v2\/media?parent=835"}],"curies":[{"name":"wp","href":"https:\/\/api.w.org\/{rel}","templated":true}]}}