{"id":902,"date":"2024-12-19T17:35:19","date_gmt":"2024-12-19T16:35:19","guid":{"rendered":"https:\/?page_id=902"},"modified":"2025-10-17T16:32:07","modified_gmt":"2025-10-17T14:32:07","slug":"politica-de-privadesa","status":"publish","type":"page","link":"https:\/\/netegesguti.com\/ca\/politica-de-privadesa\/","title":{"rendered":"Pol\u00edtica de privadesa"},"content":{"rendered":"<h1><strong>Pol\u00edtica de privadesa<\/strong><\/h1>\n<h2><strong>1. Responsabilitat<\/strong><\/h2>\n<div>\n<p><strong>EMPRESA:<\/strong> AFG SOLUCIONES Y SISTEMAS, SL<\/p>\n<p><strong>NIF:<\/strong> B63108112<\/p>\n<p><strong>NOM COMERCIAL:<\/strong> NETEGES GUTI<\/p>\n<p><strong>ADRE\u00c7A:<\/strong> Carrer Susany, 8 &#8211; PAE Avellanet; 08554 &#8211; Sant Miquel de Baleny\u00e0 (Barcelona)<\/p>\n<p><strong>CONTACTE:<\/strong> <a href=\"tel:+34930485120\">+34 930 485 120<\/a><\/p>\n<p><strong>E-MAILS:<\/strong> <a href=\"mailto:info@netegesguti.com\">info@netegesguti.com<\/a><\/p>\n<p><strong>P\u00c0GINA WEB OFICIAL:<\/strong> <a href=\"https:\/\/netegesguti.com\/ca\/\">https:\/\/netegesguti.com\/ca\/<\/a><\/p>\n<\/div>\n<h2><strong>2. Proced\u00e8ncia, finalitat i destinataris<\/strong><\/h2>\n<div>\n<p><strong>Dades personals del sol\u00b7licitant:<\/strong><\/p>\n<p>S&#8217;hauran d&#8217;emplenar totes les dades sol\u00b7licitades al formulari de contacte. Les dades personals s\u00f3n proporcionades directament pels mateixos interessats amb la finalitat de gestionar la sol\u00b7licitud d&#8217;informaci\u00f3.<\/p>\n<p>Podem recollir les dades personals, identificatives i de contacte. Finalment, s&#8217;enviar\u00e0 la informaci\u00f3 a trav\u00e9s de mitjans electr\u00f2nics sobre les activitats futures que dugui a terme l&#8217;empresa per a aquells interessats que, degudament informats durant la recollida de dades, no s&#8217;hi oposin.<\/p>\n<p><strong>Sol\u00b7licitants d&#8217;informaci\u00f3:<\/strong><\/p>\n<p>Les dades personals procedeixen del mateix interessat, el qual ens les proporciona en completar el formulari de contacte a la p\u00e0gina web, en trucar-nos per tel\u00e8fon, en enviar-nos un correu electr\u00f2nic o a partir de consultes a les xarxes socials on t\u00e9 pres\u00e8ncia l&#8217;empresa.<\/p>\n<p>Aquestes dades es fan servir amb la finalitat de resoldre les consultes i proporcionar informaci\u00f3 de car\u00e0cter comercial a aquells que ho sol\u00b7licitin o ho autoritzin expressament, principalment per mitj\u00e0 de correu electr\u00f2nic.<\/p>\n<\/div>\n<h2><strong>3. Legitimaci\u00f3 i conservaci\u00f3<\/strong><\/h2>\n<div>\n<p><strong>La Legitimaci\u00f3:<\/strong><\/p>\n<p>En primer lloc, podem tractar les dades per qu\u00e8 els mateixos interessats o els seus responsables ens les proporcionen per gestionar el seu registre com a usuari a la p\u00e0gina web. Tamb\u00e9 demanem perm\u00eds a aquestes persones per al tractament de les vostres dades, per als casos en qu\u00e8 la legislaci\u00f3 vigent aix\u00ed ens ho exigeix, principalment en relaci\u00f3 amb l&#8217;enviament de correus electr\u00f2nics comercials.<\/p>\n<p>Finalment, de vegades alguna llei ens demana que presentem i conservem determinada documentaci\u00f3 on poden apar\u00e8ixer dades personals dels nostres clients, com pot ser la llei general tribut\u00e0ria, de manera que haurem de tractar aquestes dades en el seu compliment.<\/p>\n<p><strong>La Conservaci\u00f3:<\/strong><\/p>\n<p>Un cop les dades no siguin necess\u00e0ries per al que van ser recollides, es conservaran a disposici\u00f3 de les administracions p\u00fabliques competents, jutges i tribunals durant els terminis legals de conservaci\u00f3, \u00e9s a dir, mentre una llei ens pugui exigir que les presentem. Expirats aquests terminis es mantindran bloquejats fins que sigui possible la posterior destrucci\u00f3 o supressi\u00f3.<\/p>\n<\/div>\n<h2><strong>4. Destinataris<\/strong><\/h2>\n<div>\n<p>Cedim les dades personals a tercers, comptem amb prove\u00efdors que ens presten els serveis de c\u00e0rrega, desc\u00e0rrega i transport per als serveis que oferim.<\/p>\n<\/div>\n<h2><strong>5. Consentiment<\/strong><\/h2>\n<div>\n<p>El consentiment per als tractaments seg\u00fcents es recull de manera lliure, espec\u00edfica, informada i inequ\u00edvoca a partir de caselles als propis formularis de contacte.<\/p>\n<p>A m\u00e9s, si no voleu rebre comunicacions per correu electr\u00f2nic, es pot oposar de forma senzilla en els mateixos formularis de contacte.<\/p>\n<\/div>\n<h2><strong>6. Drets<\/strong><\/h2>\n<div>\n<p>Vost\u00e8 podr\u00e0 retirar el seu consentiment o exercir els seus drets de:<\/p>\n<p><strong>ACC\u00c9S O CONEIXEMENT<\/strong> de quines s\u00f3n les dades que tractem de vost\u00e8.<br \/><strong>RECTIFICACI\u00d3 O CORRECCI\u00d3<\/strong> de dades personals incorrectes o inexactes.<br \/><strong>SUPRESSI\u00d3 O ELIMINACI\u00d3<\/strong> de les dades personals que tenim de vost\u00e8.<br \/><strong>OPOSICI\u00d3 O EL FET<\/strong> que deixem de tractar les vostres dades personals.<br \/><strong>LIMITACI\u00d3 O RESTRICCI\u00d3<\/strong> del tractament que realitzem.<br \/><strong>PORTABILITAT O EL FET<\/strong> que us proporcionem les vostres dades personals.<\/p>\n<p>Sobre les dades de car\u00e0cter personal, presentant una c\u00f2pia del Document Nacional d&#8217;Identificaci\u00f3 (DNI) i exposant breument el seu cas i el dret que vol exercir, mitjan\u00e7ant una carta adre\u00e7ada a:<\/p>\n<p><strong>AFG SOLUCIONS I SISTEMES, SL<\/strong><\/p>\n<p><strong>NETEGES GUTI<\/strong><\/p>\n<p><strong>C\/ Susany, 8 &#8211; PAE Avellanet; 08554 &#8211; Sant Miquel de Baleny\u00e0 (Barcelona)<\/strong><\/p>\n<p>o enviant un correu electr\u00f2nic a:<\/p>\n<p><a href=\"mailto:info@netegesguti.com\"><strong>info@netegesguti.com<\/strong><\/a><\/p>\n<p>Podeu trobar m\u00e9s informaci\u00f3 sobre els vostres drets o presentar una reclamaci\u00f3 davant l&#8217;Autoritat de Control competent a l&#8217;Ag\u00e8ncia Espanyola de Protecci\u00f3 de Dades.<\/p>\n<p><a href=\"https:\/\/www.agpd.es\/\" target=\"_blank\" rel=\"noopener\"><strong>https:\/\/www.agpd.es\/<\/strong><\/a><\/p>\n<p><strong>C\/ Jorge Juan, 6; 28001 &#8211; Madrid (Madrid)<\/strong><\/p>\n<p><strong>Tel\u00e8fon de contacte: +34 901 100 099 &#8211; +34 912 663 517<\/strong><\/p>\n<\/p>\n<\/div>\n<p><!--more--><br \/>\n<!-- {\"type\":\"layout\",\"children\":[{\"type\":\"section\",\"props\":{\"image_position\":\"center-center\",\"padding\":\"small\",\"style\":\"default\",\"title_breakpoint\":\"xl\",\"title_position\":\"top-left\",\"title_rotation\":\"left\",\"vertical_align\":\"\",\"width\":\"default\"},\"children\":[{\"type\":\"row\",\"children\":[{\"type\":\"column\",\"props\":{\"image_position\":\"center-center\",\"position_sticky_breakpoint\":\"m\"},\"children\":[{\"type\":\"headline\",\"props\":{\"block_align\":\"center\",\"content\":\"<strong>Pol\\u00edtica de privadesa<\\\/strong>\",\"margin_remove_bottom\":false,\"margin_remove_top\":false,\"text_align\":\"center\",\"title_color\":\"primary\",\"title_element\":\"h1\",\"title_style\":\"h2\"}}]}]}],\"name\":\"Pol\\u00edtica de privadesa\"},{\"name\":\"Contingut\",\"type\":\"section\",\"props\":{\"image_position\":\"center-center\",\"padding\":\"xsmall\",\"style\":\"default\",\"title_breakpoint\":\"xl\",\"title_position\":\"top-left\",\"title_rotation\":\"left\",\"vertical_align\":\"\",\"width\":\"small\"},\"children\":[{\"type\":\"row\",\"props\":{\"margin\":\"large\"},\"children\":[{\"type\":\"column\",\"props\":{\"image_position\":\"center-center\",\"position_sticky_breakpoint\":\"m\",\"width_medium\":\"1-1\"},\"children\":[{\"type\":\"headline\",\"props\":{\"content\":\"<strong>1. Responsabilitat<\\\/strong>\",\"text_align\":\"left\",\"title_color\":\"secondary\",\"title_element\":\"h2\",\"title_style\":\"h3\"}},{\"type\":\"text\",\"props\":{\"column_breakpoint\":\"m\",\"content\":\"\n\n<p><strong>EMPRESA:<\\\/strong> AFG SOLUCIONES Y SISTEMAS, SL<\\\/p>\\n\n\n<p><strong>NIF:<\\\/strong> B63108112<\\\/p>\\n\n\n<p><strong>NOM COMERCIAL:<\\\/strong> NETEGES GUTI<\\\/p>\\n\n\n<p><strong>ADRE\\u00c7A:<\\\/strong> Carrer Susany, 8 - PAE Avellanet; 08554 - Sant Miquel de Baleny\\u00e0 (Barcelona)<\\\/p>\\n\n\n<p><strong>CONTACTE:<\\\/strong> <a href=\\\"tel:+34930485120\\\">+34 930 485 120<\\\/a><\\\/p>\\n\n\n<p><strong>E-MAILS:<\\\/strong> <a href=\\\"mailto:info@netegesguti.com\\\">info@netegesguti.com<\\\/a><\\\/p>\\n\n\n<p><strong>P\\u00c0GINA WEB OFICIAL:<\\\/strong> <a href=\\\"https:\\\/\\\/netegesguti.com\\\/ca\\\/\\\">https:\\\/\\\/netegesguti.com\\\/ca\\\/<\\\/a><\\\/p>\",\"margin\":\"default\",\"text_color\":\"primary\"}}]}]},{\"type\":\"row\",\"props\":{\"margin\":\"large\"},\"children\":[{\"type\":\"column\",\"props\":{\"image_position\":\"center-center\",\"position_sticky_breakpoint\":\"m\",\"width_medium\":\"1-1\"},\"children\":[{\"type\":\"headline\",\"props\":{\"content\":\"<strong>2. Proced\\u00e8ncia, finalitat i destinataris<\\\/strong>\",\"text_align\":\"left\",\"title_color\":\"secondary\",\"title_element\":\"h2\",\"title_style\":\"h3\"}},{\"type\":\"text\",\"props\":{\"column_breakpoint\":\"m\",\"content\":\"\n\n<p><strong>Dades personals del sol\\u00b7licitant:<\\\/strong><\\\/p>\\n\n\n<p>S'hauran d'emplenar totes les dades sol\\u00b7licitades al formulari de contacte. Les dades personals s\\u00f3n proporcionades directament pels mateixos interessats amb la finalitat de gestionar la sol\\u00b7licitud d'informaci\\u00f3.<\\\/p>\\n\n\n<p>Podem recollir les dades personals, identificatives i de contacte. Finalment, s'enviar\\u00e0 la informaci\\u00f3 a trav\\u00e9s de mitjans electr\\u00f2nics sobre les activitats futures que dugui a terme l'empresa per a aquells interessats que, degudament informats durant la recollida de dades, no s'hi oposin.<\\\/p>\\n\n\n<p><strong>Sol\\u00b7licitants d'informaci\\u00f3:<\\\/strong><\\\/p>\\n\n\n<p>Les dades personals procedeixen del mateix interessat, el qual ens les proporciona en completar el formulari de contacte a la p\\u00e0gina web, en trucar-nos per tel\\u00e8fon, en enviar-nos un correu electr\\u00f2nic o a partir de consultes a les xarxes socials on t\\u00e9 pres\\u00e8ncia l'empresa.<\\\/p>\\n\n\n<p>Aquestes dades es fan servir amb la finalitat de resoldre les consultes i proporcionar informaci\\u00f3 de car\\u00e0cter comercial a aquells que ho sol\\u00b7licitin o ho autoritzin expressament, principalment per mitj\\u00e0 de correu electr\\u00f2nic.<\\\/p>\",\"margin\":\"default\",\"text_color\":\"primary\"}}]}]},{\"type\":\"row\",\"props\":{\"margin\":\"large\"},\"children\":[{\"type\":\"column\",\"props\":{\"image_position\":\"center-center\",\"position_sticky_breakpoint\":\"m\",\"width_medium\":\"1-1\"},\"children\":[{\"type\":\"headline\",\"props\":{\"content\":\"<strong>3. Legitimaci\\u00f3 i conservaci\\u00f3<\\\/strong>\",\"text_align\":\"left\",\"title_color\":\"secondary\",\"title_element\":\"h2\",\"title_style\":\"h3\"}},{\"type\":\"text\",\"props\":{\"column_breakpoint\":\"m\",\"content\":\"\n\n<p><strong>La Legitimaci\\u00f3:<\\\/strong><\\\/p>\\n\n\n<p>En primer lloc, podem tractar les dades per qu\\u00e8 els mateixos interessats o els seus responsables ens les proporcionen per gestionar el seu registre com a usuari a la p\\u00e0gina web. Tamb\\u00e9 demanem perm\\u00eds a aquestes persones per al tractament de les vostres dades, per als casos en qu\\u00e8 la legislaci\\u00f3 vigent aix\\u00ed ens ho exigeix, principalment en relaci\\u00f3 amb l'enviament de correus electr\\u00f2nics comercials.<\\\/p>\\n\n\n<p>Finalment, de vegades alguna llei ens demana que presentem i conservem determinada documentaci\\u00f3 on poden apar\\u00e8ixer dades personals dels nostres clients, com pot ser la llei general tribut\\u00e0ria, de manera que haurem de tractar aquestes dades en el seu compliment.<\\\/p>\\n\n\n<p><strong>La Conservaci\\u00f3:<\\\/strong><\\\/p>\\n\n\n<p>Un cop les dades no siguin necess\\u00e0ries per al que van ser recollides, es conservaran a disposici\\u00f3 de les administracions p\\u00fabliques competents, jutges i tribunals durant els terminis legals de conservaci\\u00f3, \\u00e9s a dir, mentre una llei ens pugui exigir que les presentem. Expirats aquests terminis es mantindran bloquejats fins que sigui possible la posterior destrucci\\u00f3 o supressi\\u00f3.<\\\/p>\",\"margin\":\"default\",\"text_color\":\"primary\"}}]}]},{\"type\":\"row\",\"props\":{\"margin\":\"large\"},\"children\":[{\"type\":\"column\",\"props\":{\"image_position\":\"center-center\",\"position_sticky_breakpoint\":\"m\",\"width_medium\":\"1-1\"},\"children\":[{\"type\":\"headline\",\"props\":{\"content\":\"<strong>4. Destinataris<\\\/strong>\",\"text_align\":\"left\",\"title_color\":\"secondary\",\"title_element\":\"h2\",\"title_style\":\"h3\"}},{\"type\":\"text\",\"props\":{\"column_breakpoint\":\"m\",\"content\":\"\n\n<p>Cedim les dades personals a tercers, comptem amb prove\\u00efdors que ens presten els serveis de c\\u00e0rrega, desc\\u00e0rrega i transport per als serveis que oferim.<\\\/p>\",\"margin\":\"default\",\"text_color\":\"primary\"}}]}]},{\"type\":\"row\",\"props\":{\"margin\":\"large\"},\"children\":[{\"type\":\"column\",\"props\":{\"image_position\":\"center-center\",\"position_sticky_breakpoint\":\"m\",\"width_medium\":\"1-1\"},\"children\":[{\"type\":\"headline\",\"props\":{\"content\":\"<strong>5. Consentiment<\\\/strong>\",\"text_align\":\"left\",\"title_color\":\"secondary\",\"title_element\":\"h2\",\"title_style\":\"h3\"}},{\"type\":\"text\",\"props\":{\"column_breakpoint\":\"m\",\"content\":\"\n\n<p>El consentiment per als tractaments seg\\u00fcents es recull de manera lliure, espec\\u00edfica, informada i inequ\\u00edvoca a partir de caselles als propis formularis de contacte.<\\\/p>\\n\n\n<p>A m\\u00e9s, si no voleu rebre comunicacions per correu electr\\u00f2nic, es pot oposar de forma senzilla en els mateixos formularis de contacte.<\\\/p>\",\"margin\":\"default\",\"text_color\":\"primary\"}}]}]},{\"type\":\"row\",\"props\":{\"margin\":\"large\"},\"children\":[{\"type\":\"column\",\"props\":{\"image_position\":\"center-center\",\"position_sticky_breakpoint\":\"m\",\"width_medium\":\"1-1\"},\"children\":[{\"type\":\"headline\",\"props\":{\"content\":\"<strong>6. Drets<\\\/strong>\",\"text_align\":\"left\",\"title_color\":\"secondary\",\"title_element\":\"h2\",\"title_style\":\"h3\"}},{\"type\":\"text\",\"props\":{\"column_breakpoint\":\"m\",\"content\":\"\n\n<p>Vost\\u00e8 podr\\u00e0 retirar el seu consentiment o exercir els seus drets de:<\\\/p>\\n\n\n<p><strong>ACC\\u00c9S O CONEIXEMENT<\\\/strong> de quines s\\u00f3n les dades que tractem de vost\\u00e8.<br \\\/><strong>RECTIFICACI\\u00d3 O CORRECCI\\u00d3<\\\/strong> de dades personals incorrectes o inexactes.<br \\\/><strong>SUPRESSI\\u00d3 O ELIMINACI\\u00d3<\\\/strong> de les dades personals que tenim de vost\\u00e8.<br \\\/><strong>OPOSICI\\u00d3 O EL FET<\\\/strong> que deixem de tractar les vostres dades personals.<br \\\/><strong>LIMITACI\\u00d3 O RESTRICCI\\u00d3<\\\/strong> del tractament que realitzem.<br \\\/><strong>PORTABILITAT O EL FET<\\\/strong> que us proporcionem les vostres dades personals.<\\\/p>\\n\n\n<p>Sobre les dades de car\\u00e0cter personal, presentant una c\\u00f2pia del Document Nacional d'Identificaci\\u00f3 (DNI) i exposant breument el seu cas i el dret que vol exercir, mitjan\\u00e7ant una carta adre\\u00e7ada a:<\\\/p>\\n\n\n<p><strong>AFG SOLUCIONS I SISTEMES, SL<\\\/strong><\\\/p>\\n\n\n<p><strong>NETEGES GUTI<\\\/strong><\\\/p>\\n\n\n<p><strong>C\\\/ Susany, 8 - PAE Avellanet; 08554 - Sant Miquel de Baleny\\u00e0 (Barcelona)<\\\/strong><\\\/p>\\n\n\n<p>o enviant un correu electr\\u00f2nic a:<\\\/p>\\n\n\n<p><a href=\\\"mailto:info@netegesguti.com\\\"><strong>info@netegesguti.com<\\\/strong><\\\/a><\\\/p>\\n\n\n<p>Podeu trobar m\\u00e9s informaci\\u00f3 sobre els vostres drets o presentar una reclamaci\\u00f3 davant l'Autoritat de Control competent a l'Ag\\u00e8ncia Espanyola de Protecci\\u00f3 de Dades.<\\\/p>\\n\n\n<p><a href=\\\"https:\\\/\\\/www.agpd.es\\\/\\\"><strong>https:\\\/\\\/www.agpd.es\\\/<\\\/strong><\\\/a><\\\/p>\\n\n\n<p><strong>C\\\/ Jorge Juan, 6; 28001 - Madrid (Madrid)<\\\/strong><\\\/p>\\n\n\n<p><strong>Tel\\u00e8fon de contacte: +34 901 100 099 - +34 912 663 517<\\\/strong><\\\/p>\\n\n\n<p><\\\/p>\",\"margin\":\"default\",\"text_color\":\"primary\"}}]}]}]}],\"version\":\"4.5.31\"} --><\/p>\n","protected":false},"excerpt":{"rendered":"<p>Pol\u00edtica de privadesa 1. Responsabilitat EMPRESA: AFG SOLUCIONES Y SISTEMAS, SL NIF: B63108112 NOM COMERCIAL: NETEGES GUTI ADRE\u00c7A: Carrer Susany, 8 &#8211; PAE Avellanet; 08554 &#8211; Sant Miquel de Baleny\u00e0 (Barcelona) CONTACTE: +34 930 485 120 E-MAILS: info@netegesguti.com P\u00c0GINA WEB OFICIAL: https:\/\/netegesguti.com\/ca\/ 2. Proced\u00e8ncia, finalitat i destinataris Dades personals del sol\u00b7licitant: S&#8217;hauran d&#8217;emplenar totes les [&hellip;]<\/p>\n","protected":false},"author":1,"featured_media":0,"parent":0,"menu_order":0,"comment_status":"closed","ping_status":"closed","template":"","meta":{"footnotes":""},"class_list":["post-902","page","type-page","status-publish","hentry"],"_links":{"self":[{"href":"https:\/\/netegesguti.com\/ca\/wp-json\/wp\/v2\/pages\/902","targetHints":{"allow":["GET"]}}],"collection":[{"href":"https:\/\/netegesguti.com\/ca\/wp-json\/wp\/v2\/pages"}],"about":[{"href":"https:\/\/netegesguti.com\/ca\/wp-json\/wp\/v2\/types\/page"}],"author":[{"embeddable":true,"href":"https:\/\/netegesguti.com\/ca\/wp-json\/wp\/v2\/users\/1"}],"replies":[{"embeddable":true,"href":"https:\/\/netegesguti.com\/ca\/wp-json\/wp\/v2\/comments?post=902"}],"version-history":[{"count":0,"href":"https:\/\/netegesguti.com\/ca\/wp-json\/wp\/v2\/pages\/902\/revisions"}],"wp:attachment":[{"href":"https:\/\/netegesguti.com\/ca\/wp-json\/wp\/v2\/media?parent=902"}],"curies":[{"name":"wp","href":"https:\/\/api.w.org\/{rel}","templated":true}]}}